{"id":11554,"date":"2020-04-03T15:34:16","date_gmt":"2020-04-03T13:34:16","guid":{"rendered":"https:\/\/pietrosa.com\/primavoce-salice-salentino-dop\/"},"modified":"2020-06-24T15:27:32","modified_gmt":"2020-06-24T13:27:32","slug":"primavoce-salice-salentino-dop","status":"publish","type":"page","link":"https:\/\/pietrosa.com\/de\/primavoce-salice-salentino-dop\/","title":{"rendered":"Primavoce Salice Salentino DOP"},"content":{"rendered":"<div class=\"wpb-content-wrapper\"><p>[vc_row row_content_width=&#8220;grid&#8220; css=&#8220;.vc_custom_1492072018474{padding-top: 147px !important;}&#8220;][vc_column][vc_row_inner row_content_width=&#8220;grid&#8220; content_text_aligment=&#8220;left&#8220;][vc_column_inner width=&#8220;2\/3&#8243;]<div class=\"eltdf-section-title-holder\" >\n\t\t\t<h2 class=\"eltdf-st-title\" >\n\t\t\t<span>PRIMAVOCE Salice Salentino DOP<\/span>\n\t\t<\/h2>\n                    <div class=\"eltdf-st-separator clearfix\">\n                <div class=\"eltdf-separator\" ><\/div>\n            <\/div>\n        \t\t\t<\/div>[vc_empty_space height=&#8220;62px&#8220;][vc_column_text]<\/p>\n<table class=\"vino\">\n<tbody>\n<tr>\n<th style=\"text-align: left;\">\n<h5 class=\"font-vino\"><span style=\"color: #8a8a8a;\">BEZEICHNUNG<\/span><\/h5>\n<\/th>\n<td>Salice Salentino Denominazione di Origine Protetta<\/td>\n<\/tr>\n<tr>\n<th style=\"text-align: left;\">\n<h5 class=\"font-vino\"><span style=\"color: #8a8a8a;\">ART<\/span><\/h5>\n<\/th>\n<td>Rotwein<\/td>\n<\/tr>\n<tr>\n<th style=\"text-align: left;\">\n<h5 class=\"font-vino\"><span style=\"color: #8a8a8a;\">REBSORTE<\/span><\/h5>\n<\/th>\n<td>85% Negroamaro, 15% Malvasia Nera di Brindisi<\/td>\n<\/tr>\n<tr>\n<th style=\"text-align: left;\">\n<h5 class=\"font-vino\"><span style=\"color: #8a8a8a;\">LESE<\/span><\/h5>\n<\/th>\n<td>Zweite Septemberh\u00e4lfte<\/td>\n<\/tr>\n<tr>\n<th style=\"text-align: left;\">\n<h5 class=\"font-vino\"><span style=\"color: #8a8a8a;\">SERVIERTEMPERATUR<\/span><\/h5>\n<\/th>\n<td>16-18\u00b0C<\/td>\n<\/tr>\n<tr>\n<th style=\"text-align: left;\">\n<h5 class=\"font-vino\"><span style=\"color: #8a8a8a;\">AUSBAU<\/span><\/h5>\n<\/th>\n<td>In Stahl<\/td>\n<\/tr>\n<\/tbody>\n<\/table>\n<p>[\/vc_column_text][\/vc_column_inner][vc_column_inner width=&#8220;1\/3&#8243;][vc_single_image image=&#8220;11421&#8243; img_size=&#8220;large&#8220; alignment=&#8220;center&#8220;][\/vc_column_inner][\/vc_row_inner][\/vc_column][\/vc_row][vc_row][vc_column]<div class=\"eltdf-elements-holder eltdf-responsive-mode-768\" ><div class=\"eltdf-eh-item \" data-item-class=\"eltdf-eh-custom-627912\" >\n\t<div class=\"eltdf-eh-item-inner\" >\n\t\t<div class=\"eltdf-eh-item-content eltdf-eh-custom-627912\" style=\"padding: 150px 0% 0%\">\n\t\t\t[vc_row_inner row_content_width=&#8220;grid&#8220;][vc_column_inner width=&#8220;1\/2&#8243; css=&#8220;.vc_custom_1585919306450{padding-right: 50px !important;}&#8220; offset=&#8220;vc_col-lg-3 vc_col-md-6&#8243;][vc_single_image image=&#8220;11255&#8243; img_size=&#8220;35&#215;35&#8243;][vc_empty_space height=&#8220;8px&#8220;][vc_column_text]<\/p>\n<h5><span style=\"color: #8a8a8a;\">ANBAUGEBIET<\/span><\/h5>\n<p>[\/vc_column_text][vc_column_text]Salento, Apulien[\/vc_column_text][vc_empty_space][\/vc_column_inner][vc_column_inner width=&#8220;1\/2&#8243; css=&#8220;.vc_custom_1490360939213{padding-right: 50px !important;}&#8220; offset=&#8220;vc_col-lg-3 vc_col-md-6&#8243;][vc_single_image image=&#8220;11260&#8243; img_size=&#8220;35&#215;35&#8243;][vc_empty_space height=&#8220;8px&#8220;][vc_column_text]<\/p>\n<h5><span style=\"color: #8a8a8a;\">WEINBEREITUNG<\/span><\/h5>\n<p>[\/vc_column_text][vc_column_text]etwa 10-t\u00e4gige Mazeration bei kontrollierter Temperatur, gefolgt von der alkoholischen G\u00e4rung mit erlesenen Hefen[\/vc_column_text][vc_empty_space][\/vc_column_inner][vc_column_inner width=&#8220;1\/2&#8243; css=&#8220;.vc_custom_1490360946812{padding-right: 50px !important;}&#8220; offset=&#8220;vc_col-lg-3 vc_col-md-6&#8243;][vc_single_image image=&#8220;11261&#8243; img_size=&#8220;35&#215;35&#8243;][vc_empty_space height=&#8220;8px&#8220;][vc_column_text]<\/p>\n<h5><span style=\"color: #8a8a8a;\">ORGANOLEPTISCHE EIGENSCHAFTEN<\/span><\/h5>\n<p>[\/vc_column_text][vc_column_text]Farbe: leuchtendes Rubinrot mit granatfarbenen Nuancen. Duft: intensiv nach Kirsche und Pflaume, w\u00fcrzig, mit Noten mediterraner Kr\u00e4uter. Gaumen: robuster K\u00f6rper, angenehme Frische im Abgang und jung trinkbar[\/vc_column_text][vc_empty_space][\/vc_column_inner][vc_column_inner width=&#8220;1\/2&#8243; css=&#8220;.vc_custom_1490360954044{padding-right: 50px !important;}&#8220; offset=&#8220;vc_col-lg-3 vc_col-md-6&#8243;][vc_single_image image=&#8220;11262&#8243; img_size=&#8220;35&#215;35&#8243;][vc_empty_space height=&#8220;8px&#8220;][vc_column_text]<\/p>\n<h5><span style=\"color: #8a8a8a;\">GASTRONOMISCHE EMPFEHLUNGEN<\/span><\/h5>\n<p>[\/vc_column_text][vc_column_text]Hervorragend zu Wurstwaren, kr\u00e4ftigen Pastagerichten, rotem Fleisch und K\u00e4se[\/vc_column_text][vc_empty_space][\/vc_column_inner][\/vc_row_inner]\t\t<\/div>\n\t<\/div>\n\t<\/div><\/div>[vc_row_inner content_text_aligment=&#8220;center&#8220; css=&#8220;.vc_custom_1490608379548{padding-top: 100px !important;}&#8220;][vc_column_inner][\/vc_column_inner][\/vc_row_inner][\/vc_column][\/vc_row]<\/p>\n<\/div>","protected":false},"excerpt":{"rendered":"<p>[vc_row row_content_width=&#8220;grid&#8220; css=&#8220;.vc_custom_1492072018474{padding-top: 147px !important;}&#8220;][vc_column][vc_row_inner row_content_width=&#8220;grid&#8220; content_text_aligment=&#8220;left&#8220;][vc_column_inner width=&#8220;2\/3&#8243;][vc_empty_space height=&#8220;62px&#8220;][vc_column_text] BEZEICHNUNG Salice Salentino Denominazione di Origine Protetta ART Rotwein REBSORTE 85% Negroamaro, 15% Malvasia Nera di Brindisi LESE Zweite Septemberh\u00e4lfte SERVIERTEMPERATUR 16-18\u00b0C AUSBAU In Stahl [\/vc_column_text][\/vc_column_inner][vc_column_inner width=&#8220;1\/3&#8243;][vc_single_image image=&#8220;11421&#8243; img_size=&#8220;large&#8220; alignment=&#8220;center&#8220;][\/vc_column_inner][\/vc_row_inner][\/vc_column][\/vc_row][vc_row][vc_column][vc_row_inner content_text_aligment=&#8220;center&#8220; css=&#8220;.vc_custom_1490608379548{padding-top: 100px !important;}&#8220;][vc_column_inner][\/vc_column_inner][\/vc_row_inner][\/vc_column][\/vc_row]<\/p>\n","protected":false},"author":1,"featured_media":0,"parent":0,"menu_order":0,"comment_status":"closed","ping_status":"closed","template":"full-width.php","meta":{"footnotes":""},"class_list":["post-11554","page","type-page","status-publish","hentry"],"_links":{"self":[{"href":"https:\/\/pietrosa.com\/de\/wp-json\/wp\/v2\/pages\/11554","targetHints":{"allow":["GET"]}}],"collection":[{"href":"https:\/\/pietrosa.com\/de\/wp-json\/wp\/v2\/pages"}],"about":[{"href":"https:\/\/pietrosa.com\/de\/wp-json\/wp\/v2\/types\/page"}],"author":[{"embeddable":true,"href":"https:\/\/pietrosa.com\/de\/wp-json\/wp\/v2\/users\/1"}],"replies":[{"embeddable":true,"href":"https:\/\/pietrosa.com\/de\/wp-json\/wp\/v2\/comments?post=11554"}],"version-history":[{"count":3,"href":"https:\/\/pietrosa.com\/de\/wp-json\/wp\/v2\/pages\/11554\/revisions"}],"predecessor-version":[{"id":11889,"href":"https:\/\/pietrosa.com\/de\/wp-json\/wp\/v2\/pages\/11554\/revisions\/11889"}],"wp:attachment":[{"href":"https:\/\/pietrosa.com\/de\/wp-json\/wp\/v2\/media?parent=11554"}],"curies":[{"name":"wp","href":"https:\/\/api.w.org\/{rel}","templated":true}]}}