{"id":11542,"date":"2020-04-03T16:03:59","date_gmt":"2020-04-03T14:03:59","guid":{"rendered":"https:\/\/pietrosa.com\/palmenti-primitivo-di-manduria-dop\/"},"modified":"2020-06-18T11:53:11","modified_gmt":"2020-06-18T09:53:11","slug":"palmenti-primitivo-di-manduria-dop","status":"publish","type":"page","link":"https:\/\/pietrosa.com\/de\/palmenti-primitivo-di-manduria-dop\/","title":{"rendered":"Palmenti Primitivo di Manduria DOP"},"content":{"rendered":"<div class=\"wpb-content-wrapper\"><p>[vc_row row_content_width=&#8220;grid&#8220; css=&#8220;.vc_custom_1492072018474{padding-top: 147px !important;}&#8220;][vc_column][vc_row_inner row_content_width=&#8220;grid&#8220; content_text_aligment=&#8220;left&#8220;][vc_column_inner width=&#8220;2\/3&#8243;]<div class=\"eltdf-section-title-holder\" >\n\t\t\t<h2 class=\"eltdf-st-title\" >\n\t\t\t<span>Palmenti Primitivo di Manduria DOP<\/span>\n\t\t<\/h2>\n                    <div class=\"eltdf-st-separator clearfix\">\n                <div class=\"eltdf-separator\" ><\/div>\n            <\/div>\n        \t\t\t<\/div>[vc_empty_space height=&#8220;62px&#8220;][vc_column_text]<\/p>\n<table class=\"vino\">\n<tbody>\n<tr>\n<th style=\"text-align: left;\">\n<h5 class=\"font-vino\"><span style=\"color: #8a8a8a;\">BEZEICHNUNG<\/span><\/h5>\n<\/th>\n<td>Primitivo di Manduria Denominazione di Origine Protetta<\/td>\n<\/tr>\n<tr>\n<th style=\"text-align: left;\">\n<h5 class=\"font-vino\"><span style=\"color: #8a8a8a;\">ART<\/span><\/h5>\n<\/th>\n<td>Rotwein<\/td>\n<\/tr>\n<tr>\n<th style=\"text-align: left;\">\n<h5 class=\"font-vino\"><span style=\"color: #8a8a8a;\">REBSORTE<\/span><\/h5>\n<\/th>\n<td>Primitivo<\/td>\n<\/tr>\n<tr>\n<th style=\"text-align: left;\">\n<h5 class=\"font-vino\"><span style=\"color: #8a8a8a;\">BEPFLANZUNGSDICHTE<\/span><\/h5>\n<\/th>\n<td>5.000 Weinreben pro Hektar<\/td>\n<\/tr>\n<tr>\n<th style=\"text-align: left;\">\n<h5 class=\"font-vino\"><span style=\"color: #8a8a8a;\">LESE<\/span><\/h5>\n<\/th>\n<td>Mitte September<\/td>\n<\/tr>\n<tr>\n<th style=\"text-align: left;\">\n<h5 class=\"font-vino\"><span style=\"color: #8a8a8a;\">SERVIERTEMPERATUR<\/span><\/h5>\n<\/th>\n<td>18\u00b0C<\/td>\n<\/tr>\n<tr>\n<th style=\"text-align: left;\">\n<h5 class=\"font-vino\"><span style=\"color: #8a8a8a;\">AUSBAU<\/span><\/h5>\n<\/th>\n<td>Malolaktische G\u00e4rung in rostfreiem Stahl. Anschlie\u00dfend Lagerung f\u00fcr 12 Monate in Barriques aus hochwertigem franz\u00f6sischem und amerikanischem Holz<\/td>\n<\/tr>\n<\/tbody>\n<\/table>\n<p>[\/vc_column_text][\/vc_column_inner][vc_column_inner width=&#8220;1\/3&#8243;][vc_single_image image=&#8220;11447&#8243; img_size=&#8220;full&#8220; alignment=&#8220;center&#8220;][\/vc_column_inner][\/vc_row_inner][\/vc_column][\/vc_row][vc_row][vc_column]<div class=\"eltdf-elements-holder eltdf-responsive-mode-768\" ><div class=\"eltdf-eh-item \" data-item-class=\"eltdf-eh-custom-128253\" >\n\t<div class=\"eltdf-eh-item-inner\" >\n\t\t<div class=\"eltdf-eh-item-content eltdf-eh-custom-128253\" style=\"padding: 150px 0% 0%\">\n\t\t\t[vc_row_inner row_content_width=&#8220;grid&#8220;][vc_column_inner width=&#8220;1\/2&#8243; css=&#8220;.vc_custom_1585919306450{padding-right: 50px !important;}&#8220; offset=&#8220;vc_col-lg-3 vc_col-md-6&#8243;][vc_single_image image=&#8220;11255&#8243; img_size=&#8220;35&#215;35&#8243;][vc_empty_space height=&#8220;8px&#8220;][vc_column_text]<\/p>\n<h5><span style=\"color: #8a8a8a;\">ANBAUGEBIET<\/span><\/h5>\n<p>[\/vc_column_text][vc_column_text]Uralte, ausgesuchte Weing\u00e4rten in den Gemeinden San Marzano (TA) und Sava (TA). Die B\u00f6den setzen sich aus R\u00fcckst\u00e4nden von Roterde zusammen, sind fein strukturiert und weisen im Allgemeinen ein kalkhaltiges Grundmaterial und sp\u00e4rliche felsige Ablagerungen auf. Der bekannte rote Farbton dieser B\u00f6den entsteht aufgrund des Vorkommens von Eisenoxiden. Die thermischen Messwerte charakterisieren eine eher warme Umgebung mit sehr geringen Jahresniederschl\u00e4gen und sehr hohen Temperaturbereichen, ein Zustand, der sich g\u00fcnstig auf die Qualit\u00e4t der Trauben auswirkt. Dies ist die klassische Zone f\u00fcr die Produktion des gesch\u00fctzten Primitivo di Manduria[\/vc_column_text][vc_empty_space][\/vc_column_inner][vc_column_inner width=&#8220;1\/2&#8243; css=&#8220;.vc_custom_1490360939213{padding-right: 50px !important;}&#8220; offset=&#8220;vc_col-lg-3 vc_col-md-6&#8243;][vc_single_image image=&#8220;11260&#8243; img_size=&#8220;35&#215;35&#8243;][vc_empty_space height=&#8220;8px&#8220;][vc_column_text]<\/p>\n<h5><span style=\"color: #8a8a8a;\">WEINBEREITUNG<\/span><\/h5>\n<p>[\/vc_column_text][vc_column_text]Die \u00fcberreifen Trauben werden von Hand gelesen. Abbeeren-Quetschen, Vorg\u00e4rung durch kalte Mazeration und anschlie\u00dfender Beginn der alkoholischen G\u00e4rung bei kontrollierter Temperatur von 24-26\u00b0C. Endlagerung mit weichen Pressen[\/vc_column_text][vc_empty_space][\/vc_column_inner][vc_column_inner width=&#8220;1\/2&#8243; css=&#8220;.vc_custom_1490360946812{padding-right: 50px !important;}&#8220; offset=&#8220;vc_col-lg-3 vc_col-md-6&#8243;][vc_single_image image=&#8220;11261&#8243; img_size=&#8220;35&#215;35&#8243;][vc_empty_space height=&#8220;8px&#8220;][vc_column_text]<\/p>\n<h5><span style=\"color: #8a8a8a;\">ORGANOLEPTISCHE EIGENSCHAFTEN<\/span><\/h5>\n<p>[\/vc_column_text][vc_column_text]Farbe: volles und elegantes Rubinrot. Duft: ausladend und komplex, fruchtig, mit einem Hauch von Pflaumen, Kirschkonfit\u00fcre und Tabaknoten, leicht w\u00fcrzig. Wein mit vollem K\u00f6rper, weich und reich an edlen Tanninen, mit Kakao-, Kaffee- und Vanillenoten im Abgang[\/vc_column_text][vc_empty_space][\/vc_column_inner][vc_column_inner width=&#8220;1\/2&#8243; css=&#8220;.vc_custom_1490360954044{padding-right: 50px !important;}&#8220; offset=&#8220;vc_col-lg-3 vc_col-md-6&#8243;][vc_single_image image=&#8220;11262&#8243; img_size=&#8220;35&#215;35&#8243;][vc_empty_space height=&#8220;8px&#8220;][vc_column_text]<\/p>\n<h5><span style=\"color: #8a8a8a;\">GASTRONOMISCHE EMPFEHLUNGEN<\/span><\/h5>\n<p>[\/vc_column_text][vc_column_text]zu kr\u00e4ftigen Pastagerichten, rotem Fleisch und Wild. Ein Wein zum Meditieren[\/vc_column_text][vc_empty_space][\/vc_column_inner][\/vc_row_inner]\t\t<\/div>\n\t<\/div>\n\t<\/div><\/div>[vc_row_inner content_text_aligment=&#8220;center&#8220; css=&#8220;.vc_custom_1490608379548{padding-top: 100px !important;}&#8220;][vc_column_inner][\/vc_column_inner][\/vc_row_inner][\/vc_column][\/vc_row]<\/p>\n<\/div>","protected":false},"excerpt":{"rendered":"<p>[vc_row row_content_width=&#8220;grid&#8220; css=&#8220;.vc_custom_1492072018474{padding-top: 147px !important;}&#8220;][vc_column][vc_row_inner row_content_width=&#8220;grid&#8220; content_text_aligment=&#8220;left&#8220;][vc_column_inner width=&#8220;2\/3&#8243;][vc_empty_space height=&#8220;62px&#8220;][vc_column_text] BEZEICHNUNG Primitivo di Manduria Denominazione di Origine Protetta ART Rotwein REBSORTE Primitivo BEPFLANZUNGSDICHTE 5.000 Weinreben pro Hektar LESE Mitte September SERVIERTEMPERATUR 18\u00b0C AUSBAU Malolaktische G\u00e4rung in rostfreiem Stahl. Anschlie\u00dfend Lagerung f\u00fcr 12 Monate in Barriques aus [&hellip;]<\/p>\n","protected":false},"author":1,"featured_media":0,"parent":0,"menu_order":0,"comment_status":"closed","ping_status":"closed","template":"full-width.php","meta":{"footnotes":""},"class_list":["post-11542","page","type-page","status-publish","hentry"],"_links":{"self":[{"href":"https:\/\/pietrosa.com\/de\/wp-json\/wp\/v2\/pages\/11542","targetHints":{"allow":["GET"]}}],"collection":[{"href":"https:\/\/pietrosa.com\/de\/wp-json\/wp\/v2\/pages"}],"about":[{"href":"https:\/\/pietrosa.com\/de\/wp-json\/wp\/v2\/types\/page"}],"author":[{"embeddable":true,"href":"https:\/\/pietrosa.com\/de\/wp-json\/wp\/v2\/users\/1"}],"replies":[{"embeddable":true,"href":"https:\/\/pietrosa.com\/de\/wp-json\/wp\/v2\/comments?post=11542"}],"version-history":[{"count":4,"href":"https:\/\/pietrosa.com\/de\/wp-json\/wp\/v2\/pages\/11542\/revisions"}],"predecessor-version":[{"id":11629,"href":"https:\/\/pietrosa.com\/de\/wp-json\/wp\/v2\/pages\/11542\/revisions\/11629"}],"wp:attachment":[{"href":"https:\/\/pietrosa.com\/de\/wp-json\/wp\/v2\/media?parent=11542"}],"curies":[{"name":"wp","href":"https:\/\/api.w.org\/{rel}","templated":true}]}}