{"id":11532,"date":"2020-04-03T15:59:37","date_gmt":"2020-04-03T13:59:37","guid":{"rendered":"https:\/\/pietrosa.com\/vora-negroamaro-salento-igp\/"},"modified":"2020-06-18T12:18:02","modified_gmt":"2020-06-18T10:18:02","slug":"vora-negroamaro-salento-igp","status":"publish","type":"page","link":"https:\/\/pietrosa.com\/de\/vora-negroamaro-salento-igp\/","title":{"rendered":"Vora Negroamaro Salento IGP"},"content":{"rendered":"<div class=\"wpb-content-wrapper\"><p>[vc_row row_content_width=&#8220;grid&#8220; css=&#8220;.vc_custom_1492072018474{padding-top: 147px !important;}&#8220;][vc_column][vc_row_inner row_content_width=&#8220;grid&#8220; content_text_aligment=&#8220;left&#8220;][vc_column_inner width=&#8220;2\/3&#8243;]<div class=\"eltdf-section-title-holder\" >\n\t\t\t<h2 class=\"eltdf-st-title\" >\n\t\t\t<span>VORA Negroamaro Salento IGP<\/span>\n\t\t<\/h2>\n                    <div class=\"eltdf-st-separator clearfix\">\n                <div class=\"eltdf-separator\" ><\/div>\n            <\/div>\n        \t\t\t<\/div>[vc_empty_space height=&#8220;62px&#8220;][vc_column_text]<\/p>\n<table class=\"vino\">\n<tbody>\n<tr>\n<th style=\"text-align: left;\">\n<h5 class=\"font-vino\"><span style=\"color: #8a8a8a;\">BEZEICHNUNG<\/span><\/h5>\n<\/th>\n<td>Salento Indicazione Geografica Protetta<\/td>\n<\/tr>\n<tr>\n<th style=\"text-align: left;\">\n<h5 class=\"font-vino\"><span style=\"color: #8a8a8a;\">ART<\/span><\/h5>\n<\/th>\n<td>Rotwein<\/td>\n<\/tr>\n<tr>\n<th style=\"text-align: left;\">\n<h5 class=\"font-vino\"><span style=\"color: #8a8a8a;\">REBSORTE<\/span><\/h5>\n<\/th>\n<td>Negroamaro<\/td>\n<\/tr>\n<tr>\n<th style=\"text-align: left;\">\n<h5 class=\"font-vino\"><span style=\"color: #8a8a8a;\">BEPFLANZUNGSDICHTE<\/span><\/h5>\n<\/th>\n<td>4500 Weinreben pro Hektar<\/td>\n<\/tr>\n<tr>\n<th style=\"text-align: left;\">\n<h5 class=\"font-vino\"><span style=\"color: #8a8a8a;\">LESE<\/span><\/h5>\n<\/th>\n<td>Mitte September<\/td>\n<\/tr>\n<tr>\n<th style=\"text-align: left;\">\n<h5 class=\"font-vino\"><span style=\"color: #8a8a8a;\">SERVIERTEMPERATUR<\/span><\/h5>\n<\/th>\n<td>16-18\u00b0C<\/td>\n<\/tr>\n<tr>\n<th style=\"text-align: left;\">\n<h5 class=\"font-vino\"><span style=\"color: #8a8a8a;\">AUSBAU<\/span><\/h5>\n<\/th>\n<td>6 Monate in Barriques aus franz\u00f6sischer Eiche<\/td>\n<\/tr>\n<\/tbody>\n<\/table>\n<p>[\/vc_column_text][\/vc_column_inner][vc_column_inner width=&#8220;1\/3&#8243;][vc_single_image image=&#8220;11471&#8243; img_size=&#8220;full&#8220; alignment=&#8220;center&#8220;][\/vc_column_inner][\/vc_row_inner][\/vc_column][\/vc_row][vc_row][vc_column]<div class=\"eltdf-elements-holder eltdf-responsive-mode-768\" ><div class=\"eltdf-eh-item \" data-item-class=\"eltdf-eh-custom-723321\" >\n\t<div class=\"eltdf-eh-item-inner\" >\n\t\t<div class=\"eltdf-eh-item-content eltdf-eh-custom-723321\" style=\"padding: 150px 0% 0%\">\n\t\t\t[vc_row_inner row_content_width=&#8220;grid&#8220;][vc_column_inner width=&#8220;1\/2&#8243; css=&#8220;.vc_custom_1585919306450{padding-right: 50px !important;}&#8220; offset=&#8220;vc_col-lg-3 vc_col-md-6&#8243;][vc_single_image image=&#8220;11255&#8243; img_size=&#8220;35&#215;35&#8243;][vc_empty_space height=&#8220;8px&#8220;][vc_column_text]<\/p>\n<h5><span style=\"color: #8a8a8a;\">ANBAUGEBIET<\/span><\/h5>\n<p>[\/vc_column_text][vc_column_text]San Marzano (TA), Salento, Apulien. Auf etwa 100 m \u00fcber dem Meeresspiegel. Das Gebiet zeichnet sich durch hohe Temperaturen und wenig bis mittel-geringe Niederschl\u00e4ge aus. Lehmiger Boden von mittlerer Dichte und geringer Tiefe mit hohem Kiesanteil[\/vc_column_text][vc_empty_space][\/vc_column_inner][vc_column_inner width=&#8220;1\/2&#8243; css=&#8220;.vc_custom_1490360939213{padding-right: 50px !important;}&#8220; offset=&#8220;vc_col-lg-3 vc_col-md-6&#8243;][vc_single_image image=&#8220;11260&#8243; img_size=&#8220;35&#215;35&#8243;][vc_empty_space height=&#8220;8px&#8220;][vc_column_text]<\/p>\n<h5><span style=\"color: #8a8a8a;\">WEINBEREITUNG<\/span><\/h5>\n<p>[\/vc_column_text][vc_column_text]etwa 10-t\u00e4gige Mazeration bei kontrollierter Temperatur, gefolgt von der alkoholischen G\u00e4rung mit erlesenen Hefen[\/vc_column_text][vc_empty_space][\/vc_column_inner][vc_column_inner width=&#8220;1\/2&#8243; css=&#8220;.vc_custom_1490360946812{padding-right: 50px !important;}&#8220; offset=&#8220;vc_col-lg-3 vc_col-md-6&#8243;][vc_single_image image=&#8220;11261&#8243; img_size=&#8220;35&#215;35&#8243;][vc_empty_space height=&#8220;8px&#8220;][vc_column_text]<\/p>\n<h5><span style=\"color: #8a8a8a;\">ORGANOLEPTISCHE EIGENSCHAFTEN<\/span><\/h5>\n<p>[\/vc_column_text][vc_column_text]Farbe: Purpurrot mit violetten Reflexen, Duft: intensiv und anhaltend, nach schwarzen Johannisbeeren und Waldfr\u00fcchten, w\u00fcrzig, mit Balsam- und Vanillenoten. K\u00f6rperreicher, samtiger und harmonischer Wein mit langem, w\u00fcrzigem Abgang[\/vc_column_text][vc_empty_space][\/vc_column_inner][vc_column_inner width=&#8220;1\/2&#8243; css=&#8220;.vc_custom_1490360954044{padding-right: 50px !important;}&#8220; offset=&#8220;vc_col-lg-3 vc_col-md-6&#8243;][vc_single_image image=&#8220;11262&#8243; img_size=&#8220;35&#215;35&#8243;][vc_empty_space height=&#8220;8px&#8220;][vc_column_text]<\/p>\n<h5><span style=\"color: #8a8a8a;\">GASTRONOMISCHE EMPFEHLUNGEN<\/span><\/h5>\n<p>[\/vc_column_text][vc_column_text]zu kr\u00e4ftigen Pastagerichten, Fleisch und K\u00e4se[\/vc_column_text][vc_empty_space][\/vc_column_inner][\/vc_row_inner]\t\t<\/div>\n\t<\/div>\n\t<\/div><\/div>[vc_row_inner content_text_aligment=&#8220;center&#8220; css=&#8220;.vc_custom_1490608379548{padding-top: 100px !important;}&#8220;][vc_column_inner][\/vc_column_inner][\/vc_row_inner][\/vc_column][\/vc_row]<\/p>\n<\/div>","protected":false},"excerpt":{"rendered":"<p>[vc_row row_content_width=&#8220;grid&#8220; css=&#8220;.vc_custom_1492072018474{padding-top: 147px !important;}&#8220;][vc_column][vc_row_inner row_content_width=&#8220;grid&#8220; content_text_aligment=&#8220;left&#8220;][vc_column_inner width=&#8220;2\/3&#8243;][vc_empty_space height=&#8220;62px&#8220;][vc_column_text] BEZEICHNUNG Salento Indicazione Geografica Protetta ART Rotwein REBSORTE Negroamaro BEPFLANZUNGSDICHTE 4500 Weinreben pro Hektar LESE Mitte September SERVIERTEMPERATUR 16-18\u00b0C AUSBAU 6 Monate in Barriques aus franz\u00f6sischer Eiche [\/vc_column_text][\/vc_column_inner][vc_column_inner width=&#8220;1\/3&#8243;][vc_single_image image=&#8220;11471&#8243; img_size=&#8220;full&#8220; alignment=&#8220;center&#8220;][\/vc_column_inner][\/vc_row_inner][\/vc_column][\/vc_row][vc_row][vc_column][vc_row_inner content_text_aligment=&#8220;center&#8220; css=&#8220;.vc_custom_1490608379548{padding-top: 100px !important;}&#8220;][vc_column_inner][\/vc_column_inner][\/vc_row_inner][\/vc_column][\/vc_row]<\/p>\n","protected":false},"author":1,"featured_media":0,"parent":0,"menu_order":0,"comment_status":"closed","ping_status":"closed","template":"full-width.php","meta":{"footnotes":""},"class_list":["post-11532","page","type-page","status-publish","hentry"],"_links":{"self":[{"href":"https:\/\/pietrosa.com\/de\/wp-json\/wp\/v2\/pages\/11532","targetHints":{"allow":["GET"]}}],"collection":[{"href":"https:\/\/pietrosa.com\/de\/wp-json\/wp\/v2\/pages"}],"about":[{"href":"https:\/\/pietrosa.com\/de\/wp-json\/wp\/v2\/types\/page"}],"author":[{"embeddable":true,"href":"https:\/\/pietrosa.com\/de\/wp-json\/wp\/v2\/users\/1"}],"replies":[{"embeddable":true,"href":"https:\/\/pietrosa.com\/de\/wp-json\/wp\/v2\/comments?post=11532"}],"version-history":[{"count":2,"href":"https:\/\/pietrosa.com\/de\/wp-json\/wp\/v2\/pages\/11532\/revisions"}],"predecessor-version":[{"id":11639,"href":"https:\/\/pietrosa.com\/de\/wp-json\/wp\/v2\/pages\/11532\/revisions\/11639"}],"wp:attachment":[{"href":"https:\/\/pietrosa.com\/de\/wp-json\/wp\/v2\/media?parent=11532"}],"curies":[{"name":"wp","href":"https:\/\/api.w.org\/{rel}","templated":true}]}}