{"id":11512,"date":"2020-04-02T14:47:58","date_gmt":"2020-04-02T12:47:58","guid":{"rendered":"https:\/\/pietrosa.com\/prodotti\/"},"modified":"2024-12-13T12:24:31","modified_gmt":"2024-12-13T11:24:31","slug":"produkte","status":"publish","type":"page","link":"https:\/\/pietrosa.com\/de\/produkte\/","title":{"rendered":"Produkte"},"content":{"rendered":"<div class=\"wpb-content-wrapper\"><p>[vc_row row_content_width=&#8220;grid&#8220; content_text_aligment=&#8220;center&#8220; css=&#8220;.vc_custom_1492067965345{padding-top: 145px !important;padding-bottom: 60px !important;}&#8220;][vc_column]<div class=\"eltdf-section-title-holder\" >\n\t\t\t<h2 class=\"eltdf-st-title\" >\n\t\t\t<span>UNSERE WEINE<\/span>\n\t\t<\/h2>\n                    <div class=\"eltdf-st-separator clearfix\">\n                <div class=\"eltdf-separator\" ><\/div>\n            <\/div>\n        \t\t\t<\/div>[\/vc_column][\/vc_row][vc_row row_content_width=&#8220;grid&#8220; anchor=&#8220;primavoce&#8220;][vc_column offset=&#8220;vc_hidden-sm vc_hidden-xs&#8220;][vc_separator][vc_row_inner][vc_column_inner width=&#8220;1\/2&#8243;][vc_empty_space height=&#8220;95px&#8220;]<div class=\"eltdf-image-with-text-holder\">\n    <div class=\"eltdf-iwt-image\">\n                                    <img loading=\"lazy\" decoding=\"async\" width=\"1280\" height=\"1130\" src=\"https:\/\/pietrosa.com\/wp-content\/uploads\/2024\/12\/pietrosa-prodotti-primavoce.jpg\" class=\"attachment-full size-full\" alt=\"\" srcset=\"https:\/\/pietrosa.com\/wp-content\/uploads\/2024\/12\/pietrosa-prodotti-primavoce.jpg 1280w, https:\/\/pietrosa.com\/wp-content\/uploads\/2024\/12\/pietrosa-prodotti-primavoce-300x265.jpg 300w, https:\/\/pietrosa.com\/wp-content\/uploads\/2024\/12\/pietrosa-prodotti-primavoce-1024x904.jpg 1024w, https:\/\/pietrosa.com\/wp-content\/uploads\/2024\/12\/pietrosa-prodotti-primavoce-768x678.jpg 768w\" sizes=\"auto, (max-width: 1280px) 100vw, 1280px\" \/>                        <\/div>\n    <div class=\"eltdf-iwt-text-holder\">\n        \t\t    <\/div>\n<\/div>[\/vc_column_inner][vc_column_inner width=&#8220;1\/2&#8243;]<div class=\"eltdf-elements-holder eltdf-responsive-mode-768\" ><div class=\"eltdf-eh-item \" data-item-class=\"eltdf-eh-custom-570904\" data-1024-1280=\"129px 15% 150px 0px\" data-768-1024=\"137px 10% 150px 0px\" data-600-768=\"50px 6% 150px 0px\" data-480-600=\"50px 0% 150px 0px\" data-480=\"50px 0% 150px 0px\" >\n\t<div class=\"eltdf-eh-item-inner\" >\n\t\t<div class=\"eltdf-eh-item-content eltdf-eh-custom-570904\" style=\"padding: 129px 22% 150px 0px\">\n\t\t\t[vc_column_text css=&#8220;.vc_custom_1585909027833{margin-top: -24px !important;}&#8220;]<\/p>\n<h3>Primavoce<\/h3>\n<p>[\/vc_column_text][vc_empty_space height=&#8220;27px&#8220;][vc_column_text css=&#8220;.vc_custom_1592430212225{margin-top: -5px !important;}&#8220;]<span style=\"font-weight: 400;\">Die ersten Sonnenstrahlen. Die ersten Stimmen. Der Sonnenaufgang, ein jahrtausendealter ritueller Gesang, der den Flei\u00df der Bauern weckt, die Farben der Landschaft wieder erbl\u00fchen l\u00e4sst und Tage des Vergn\u00fcgens und der Arbeit erhellt. Die erste Stimme, die Sanduhr der Veranstaltungen, Weinlesen und Jahreszeiten.<\/span>[\/vc_column_text][vc_column_text]<\/p>\n<ul>\n<li><a href=\"https:\/\/pietrosa.com\/de\/primavoce-malvasia-sauvignon-salento-igp\/\">Primavoce Malvasia Sauvignon Salento IGP<\/a><\/li>\n<li><a href=\"https:\/\/pietrosa.com\/de\/primavoce-negroamaro-salento-igp\/\">Primavoce Negroamaro Salento IGP<\/a><\/li>\n<li><a href=\"https:\/\/pietrosa.com\/de\/primavoce-salice-salentino-dop\/\">Primavoce Salice Salentino DOP<\/a><\/li>\n<li><a href=\"https:\/\/pietrosa.com\/de\/primavoce-primitivo-salento-igp\/\">Primavoce Primitivo Salento IGP<\/a><\/li>\n<\/ul>\n<p>[\/vc_column_text]\t\t<\/div>\n\t<\/div>\n\t<\/div><\/div>[\/vc_column_inner][\/vc_row_inner][\/vc_column][\/vc_row][vc_row row_content_width=&#8220;grid&#8220; anchor=&#8220;masseriapietrosa&#8220;][vc_column offset=&#8220;vc_hidden-sm vc_hidden-xs&#8220;][vc_separator][vc_row_inner][vc_column_inner width=&#8220;1\/2&#8243;]<div class=\"eltdf-elements-holder eltdf-responsive-mode-768\" ><div class=\"eltdf-eh-item \" data-item-class=\"eltdf-eh-custom-414734\" data-1024-1280=\"129px 0% 150px 15%\" data-768-1024=\"129px 0% 150px 10%\" data-600-768=\"150px 0% 0px 6%\" data-480-600=\"150px 0% 0px 0px\" data-480=\"150px 0% 0px 0px\" >\n\t<div class=\"eltdf-eh-item-inner\" >\n\t\t<div class=\"eltdf-eh-item-content eltdf-eh-custom-414734\" style=\"padding: 129px 0% 150px 22%\">\n\t\t\t[vc_column_text css=&#8220;.vc_custom_1585910647416{margin-top: -24px !important;}&#8220;]<\/p>\n<h3>Masseria Pietrosa<\/h3>\n<p>[\/vc_column_text][vc_empty_space height=&#8220;27px&#8220;][vc_column_text css=&#8220;.vc_custom_1592430238002{margin-top: -5px !important;}&#8220;]<\/p>\n<p style=\"text-align: left;\">Trockenmauern und Trifte, die vorbeif\u00fchren an den Weing\u00fctern, an rotem Boden und an wei\u00dfen Steinen, eine Landschaft, die reich an Errungenschaften ist. Eine Landschaft, die reich an Errungenschaften ist, eine Landschaft, die schon immer von der Herstellung gro\u00dfartiger Weine gepr\u00e4gt war.<\/p>\n<p>[\/vc_column_text][vc_column_text]<\/p>\n<ul>\n<li><a href=\"https:\/\/pietrosa.com\/de\/masseria-pietrosa-primitivo-rosato-salento-igp\/\">Masseria Pietrosa Primitivo Rosato Salento IGP<\/a><\/li>\n<li><a href=\"https:\/\/pietrosa.com\/de\/masseria-pietrosa-salice-salentino-dop\/\">Masseria Pietrosa Salice Salentino DOP<\/a><\/li>\n<li><a href=\"https:\/\/pietrosa.com\/de\/masseria-pietrosa-primitivo-di-manduria-dop\/\">Masseria Pietrosa Primitivo di Manduria DOP<\/a><\/li>\n<\/ul>\n<p>[\/vc_column_text]\t\t<\/div>\n\t<\/div>\n\t<\/div><\/div>[\/vc_column_inner][vc_column_inner width=&#8220;1\/2&#8243;][vc_empty_space height=&#8220;95px&#8220;]<div class=\"eltdf-image-with-text-holder\">\n    <div class=\"eltdf-iwt-image\">\n                                    <img loading=\"lazy\" decoding=\"async\" width=\"1280\" height=\"1130\" src=\"https:\/\/pietrosa.com\/wp-content\/uploads\/2024\/12\/pietrosa-prodotti-masseria-pietrosa.jpg\" class=\"attachment-full size-full\" alt=\"\" srcset=\"https:\/\/pietrosa.com\/wp-content\/uploads\/2024\/12\/pietrosa-prodotti-masseria-pietrosa.jpg 1280w, https:\/\/pietrosa.com\/wp-content\/uploads\/2024\/12\/pietrosa-prodotti-masseria-pietrosa-300x265.jpg 300w, https:\/\/pietrosa.com\/wp-content\/uploads\/2024\/12\/pietrosa-prodotti-masseria-pietrosa-1024x904.jpg 1024w, https:\/\/pietrosa.com\/wp-content\/uploads\/2024\/12\/pietrosa-prodotti-masseria-pietrosa-768x678.jpg 768w\" sizes=\"auto, (max-width: 1280px) 100vw, 1280px\" \/>                        <\/div>\n    <div class=\"eltdf-iwt-text-holder\">\n        \t\t    <\/div>\n<\/div>[\/vc_column_inner][\/vc_row_inner][\/vc_column][\/vc_row][vc_row row_content_width=&#8220;grid&#8220; anchor=&#8220;vora&#8220;][vc_column offset=&#8220;vc_hidden-sm vc_hidden-xs&#8220;][vc_separator][vc_row_inner][vc_column_inner width=&#8220;1\/2&#8243;][vc_empty_space height=&#8220;95px&#8220;]<div class=\"eltdf-image-with-text-holder\">\n    <div class=\"eltdf-iwt-image\">\n                                    <img loading=\"lazy\" decoding=\"async\" width=\"1280\" height=\"1130\" src=\"https:\/\/pietrosa.com\/wp-content\/uploads\/2020\/05\/vora_solo.png\" class=\"attachment-full size-full\" alt=\"\" srcset=\"https:\/\/pietrosa.com\/wp-content\/uploads\/2020\/05\/vora_solo.png 1280w, https:\/\/pietrosa.com\/wp-content\/uploads\/2020\/05\/vora_solo-300x265.png 300w, https:\/\/pietrosa.com\/wp-content\/uploads\/2020\/05\/vora_solo-1024x904.png 1024w, https:\/\/pietrosa.com\/wp-content\/uploads\/2020\/05\/vora_solo-768x678.png 768w\" sizes=\"auto, (max-width: 1280px) 100vw, 1280px\" \/>                        <\/div>\n    <div class=\"eltdf-iwt-text-holder\">\n        \t\t    <\/div>\n<\/div>[\/vc_column_inner][vc_column_inner width=&#8220;1\/2&#8243;]<div class=\"eltdf-elements-holder eltdf-responsive-mode-768\" ><div class=\"eltdf-eh-item \" data-item-class=\"eltdf-eh-custom-479112\" data-1024-1280=\"129px 15% 150px 0px\" data-768-1024=\"137px 10% 150px 0px\" data-600-768=\"50px 6% 150px 0px\" data-480-600=\"50px 0% 150px 0px\" data-480=\"50px 0% 150px 0px\" >\n\t<div class=\"eltdf-eh-item-inner\" >\n\t\t<div class=\"eltdf-eh-item-content eltdf-eh-custom-479112\" style=\"padding: 129px 22% 150px 0px\">\n\t\t\t[vc_column_text css=&#8220;.vc_custom_1585910737470{margin-top: -24px !important;}&#8220;]<\/p>\n<h3>Vora<\/h3>\n<p>[\/vc_column_text][vc_empty_space height=&#8220;27px&#8220;][vc_column_text css=&#8220;.vc_custom_1592430265807{margin-top: -5px !important;}&#8220;]Vora. Die Falle unter unseren F\u00fc\u00dfen, eine Mulde in den salentinischen B\u00f6den aus Kalkstein, wo der Geruch des Steins von der Hitze der Sonne erw\u00e4rmt wird.<br \/>\n[\/vc_column_text][vc_column_text]<\/p>\n<ul>\n<li><a href=\"https:\/\/pietrosa.com\/de\/vora-negroamaro-salento-igp\/\">Vora Negroamaro Salento IGP<\/a><\/li>\n<\/ul>\n<p>[\/vc_column_text]\t\t<\/div>\n\t<\/div>\n\t<\/div><\/div>[\/vc_column_inner][\/vc_row_inner][\/vc_column][\/vc_row][vc_row row_content_width=&#8220;grid&#8220; anchor=&#8220;palmenti&#8220;][vc_column offset=&#8220;vc_hidden-sm vc_hidden-xs&#8220;][vc_separator][vc_row_inner][vc_column_inner width=&#8220;1\/2&#8243;]<div class=\"eltdf-elements-holder eltdf-responsive-mode-768\" ><div class=\"eltdf-eh-item \" data-item-class=\"eltdf-eh-custom-796644\" data-1024-1280=\"129px 0% 150px 15%\" data-768-1024=\"129px 0% 150px 10%\" data-600-768=\"150px 0% 0px 6%\" data-480-600=\"150px 0% 0px 0px\" data-480=\"150px 0% 0px 0px\" >\n\t<div class=\"eltdf-eh-item-inner\" >\n\t\t<div class=\"eltdf-eh-item-content eltdf-eh-custom-796644\" style=\"padding: 129px 0% 150px 22%\">\n\t\t\t[vc_column_text css=&#8220;.vc_custom_1588684982710{margin-top: -24px !important;}&#8220;]<\/p>\n<h3>Palmenti<\/h3>\n<p>[\/vc_column_text][vc_empty_space height=&#8220;27px&#8220;][vc_column_text css=&#8220;.vc_custom_1592430284263{margin-top: -5px !important;}&#8220;]<\/p>\n<p style=\"text-align: left;\">Palmenti, die G\u00e4rungssorte des Mostes, die heiligen Orte unserer Tradition. In den Felsw\u00e4nden, in den Spiegelungen des der Sonne ausgesetzten Steins, in den Gesichtern der unerm\u00fcdlichen Arbeiter, all der Zauber unserer Weine. In den Fels gegraben, in der Geschichte fest verankert.<\/p>\n<p>[\/vc_column_text][vc_column_text]<\/p>\n<ul>\n<li><a href=\"https:\/\/pietrosa.com\/de\/palmenti-negroamaro-salento-igp\/\">Palmenti Negroamaro Salento IGP Vigne Vecchie<\/a><\/li>\n<li><a href=\"https:\/\/pietrosa.com\/de\/palmenti-primitivo-di-manduria-dop\/\">Palmenti Primitivo di Manduria DOP Vigne Vecchie<\/a><\/li>\n<\/ul>\n<p>[\/vc_column_text]\t\t<\/div>\n\t<\/div>\n\t<\/div><\/div>[\/vc_column_inner][vc_column_inner width=&#8220;1\/2&#8243;][vc_empty_space height=&#8220;95px&#8220;]<div class=\"eltdf-image-with-text-holder\">\n    <div class=\"eltdf-iwt-image\">\n                                    <img loading=\"lazy\" decoding=\"async\" width=\"1280\" height=\"1130\" src=\"https:\/\/pietrosa.com\/wp-content\/uploads\/2020\/05\/PALMENTI-TUTTE.png\" class=\"attachment-full size-full\" alt=\"\" srcset=\"https:\/\/pietrosa.com\/wp-content\/uploads\/2020\/05\/PALMENTI-TUTTE.png 1280w, https:\/\/pietrosa.com\/wp-content\/uploads\/2020\/05\/PALMENTI-TUTTE-300x265.png 300w, https:\/\/pietrosa.com\/wp-content\/uploads\/2020\/05\/PALMENTI-TUTTE-1024x904.png 1024w, https:\/\/pietrosa.com\/wp-content\/uploads\/2020\/05\/PALMENTI-TUTTE-768x678.png 768w\" sizes=\"auto, (max-width: 1280px) 100vw, 1280px\" \/>                        <\/div>\n    <div class=\"eltdf-iwt-text-holder\">\n        \t\t    <\/div>\n<\/div>[\/vc_column_inner][\/vc_row_inner][\/vc_column][\/vc_row][vc_row row_content_width=&#8220;grid&#8220; anchor=&#8220;primavocem&#8220;][vc_column offset=&#8220;vc_hidden-lg vc_hidden-md&#8220;][vc_row_inner][vc_column_inner offset=&#8220;vc_col-lg-3 vc_col-md-4&#8243;][vc_empty_space height=&#8220;95px&#8220;]<div class=\"eltdf-image-with-text-holder\">\n    <div class=\"eltdf-iwt-image\">\n                                    <img loading=\"lazy\" decoding=\"async\" width=\"1280\" height=\"1130\" src=\"https:\/\/pietrosa.com\/wp-content\/uploads\/2024\/12\/pietrosa-prodotti-primavoce.jpg\" class=\"attachment-full size-full\" alt=\"\" srcset=\"https:\/\/pietrosa.com\/wp-content\/uploads\/2024\/12\/pietrosa-prodotti-primavoce.jpg 1280w, https:\/\/pietrosa.com\/wp-content\/uploads\/2024\/12\/pietrosa-prodotti-primavoce-300x265.jpg 300w, https:\/\/pietrosa.com\/wp-content\/uploads\/2024\/12\/pietrosa-prodotti-primavoce-1024x904.jpg 1024w, https:\/\/pietrosa.com\/wp-content\/uploads\/2024\/12\/pietrosa-prodotti-primavoce-768x678.jpg 768w\" sizes=\"auto, (max-width: 1280px) 100vw, 1280px\" \/>                        <\/div>\n    <div class=\"eltdf-iwt-text-holder\">\n        \t\t    <\/div>\n<\/div>[\/vc_column_inner][vc_column_inner offset=&#8220;vc_col-lg-9 vc_col-md-8&#8243;]<div class=\"eltdf-elements-holder eltdf-responsive-mode-768\" ><div class=\"eltdf-eh-item \" data-item-class=\"eltdf-eh-custom-501637\" data-1024-1280=\"129px 15% 150px 0px\" data-768-1024=\"137px 10% 100px 0px\" data-600-768=\"50px 6% 100px 0px\" data-480-600=\"50px 0% 100px 0px\" data-480=\"50px 0% 150px 0px\" >\n\t<div class=\"eltdf-eh-item-inner\" >\n\t\t<div class=\"eltdf-eh-item-content eltdf-eh-custom-501637\" style=\"padding: 129px 22% 150px 0px\">\n\t\t\t[vc_column_text css=&#8220;.vc_custom_1591881232727{margin-top: -24px !important;}&#8220;]<\/p>\n<h3>Primavoce<\/h3>\n<p>[\/vc_column_text][vc_empty_space height=&#8220;27px&#8220;][vc_column_text css=&#8220;.vc_custom_1592430306238{margin-top: -5px !important;}&#8220;]Die ersten Sonnenstrahlen. Die ersten Stimmen. Der Sonnenaufgang, ein jahrtausendealter ritueller Gesang, der den Flei\u00df der Bauern weckt, die Farben der Landschaft wieder erbl\u00fchen l\u00e4sst und Tage des Vergn\u00fcgens und der Arbeit erhellt. Die erste Stimme, die Sanduhr der Veranstaltungen, Weinlesen und Jahreszeiten.[\/vc_column_text][vc_column_text]<\/p>\n<ul>\n<li><a href=\"https:\/\/pietrosa.com\/de\/primavoce-malvasia-sauvignon-salento-igp\/\">Primavoce Malvasia Sauvignon Salento IGP<\/a><\/li>\n<li><a href=\"https:\/\/pietrosa.com\/de\/primavoce-negroamaro-salento-igp\/\">Primavoce Negroamaro Salento IGP<\/a><\/li>\n<li><a href=\"https:\/\/pietrosa.com\/de\/primavoce-salice-salentino-dop\/\">Primavoce Salice Salentino DOP<\/a><\/li>\n<li><a href=\"https:\/\/pietrosa.com\/de\/primavoce-primitivo-salento-igp\/\">Primavoce Primitivo Salento IGP<\/a><\/li>\n<\/ul>\n<p>[\/vc_column_text]\t\t<\/div>\n\t<\/div>\n\t<\/div><\/div>[\/vc_column_inner][\/vc_row_inner][vc_separator][\/vc_column][\/vc_row][vc_row row_content_width=&#8220;grid&#8220; anchor=&#8220;masseriapietrosam&#8220;][vc_column offset=&#8220;vc_hidden-lg vc_hidden-md&#8220;][vc_separator][vc_row_inner][vc_column_inner offset=&#8220;vc_col-lg-3 vc_col-md-4&#8243;][vc_empty_space height=&#8220;95px&#8220;]<div class=\"eltdf-image-with-text-holder\">\n    <div class=\"eltdf-iwt-image\">\n                                    <img loading=\"lazy\" decoding=\"async\" width=\"1280\" height=\"1130\" src=\"https:\/\/pietrosa.com\/wp-content\/uploads\/2024\/12\/pietrosa-prodotti-masseria-pietrosa.jpg\" class=\"attachment-full size-full\" alt=\"\" srcset=\"https:\/\/pietrosa.com\/wp-content\/uploads\/2024\/12\/pietrosa-prodotti-masseria-pietrosa.jpg 1280w, https:\/\/pietrosa.com\/wp-content\/uploads\/2024\/12\/pietrosa-prodotti-masseria-pietrosa-300x265.jpg 300w, https:\/\/pietrosa.com\/wp-content\/uploads\/2024\/12\/pietrosa-prodotti-masseria-pietrosa-1024x904.jpg 1024w, https:\/\/pietrosa.com\/wp-content\/uploads\/2024\/12\/pietrosa-prodotti-masseria-pietrosa-768x678.jpg 768w\" sizes=\"auto, (max-width: 1280px) 100vw, 1280px\" \/>                        <\/div>\n    <div class=\"eltdf-iwt-text-holder\">\n        \t\t    <\/div>\n<\/div>[\/vc_column_inner][vc_column_inner offset=&#8220;vc_col-lg-9 vc_col-md-8&#8243;]<div class=\"eltdf-elements-holder eltdf-responsive-mode-768\" ><div class=\"eltdf-eh-item \" data-item-class=\"eltdf-eh-custom-414258\" data-1024-1280=\"129px 15% 150px 0px\" data-768-1024=\"137px 10% 150px 0px\" data-600-768=\"50px 6% 150px 0px\" data-480-600=\"50px 0% 150px 0px\" data-480=\"50px 0% 150px 0px\" >\n\t<div class=\"eltdf-eh-item-inner\" >\n\t\t<div class=\"eltdf-eh-item-content eltdf-eh-custom-414258\" style=\"padding: 129px 22% 150px 0px\">\n\t\t\t[vc_column_text css=&#8220;.vc_custom_1588155710508{margin-top: -24px !important;}&#8220;]<\/p>\n<h3>Masseria Pietrosa<\/h3>\n<p>[\/vc_column_text][vc_empty_space height=&#8220;27px&#8220;][vc_column_text css=&#8220;.vc_custom_1592430331063{margin-top: -5px !important;}&#8220;]<\/p>\n<p style=\"text-align: left;\">Trockenmauern und Trifte, die vorbeif\u00fchren an den Weing\u00fctern, an rotem Boden und an wei\u00dfen Steinen, eine Landschaft, die reich an Errungenschaften ist. Eine Landschaft, die reich an Errungenschaften ist, eine Landschaft, die schon immer von der Herstellung gro\u00dfartiger Weine gepr\u00e4gt war.<\/p>\n<p>[\/vc_column_text][vc_column_text]<\/p>\n<ul>\n<li><a href=\"https:\/\/pietrosa.com\/de\/masseria-pietrosa-primitivo-rosato-salento-igp\/\">Masseria Pietrosa Primitivo Rosato Salento IGP<\/a><\/li>\n<li><a href=\"https:\/\/pietrosa.com\/de\/masseria-pietrosa-salice-salentino-dop\/\">Masseria Pietrosa Salice Salentino DOP<\/a><\/li>\n<li><a href=\"https:\/\/pietrosa.com\/de\/masseria-pietrosa-primitivo-di-manduria-dop\/\">Masseria Pietrosa Primitivo di Manduria DOP<\/a><\/li>\n<\/ul>\n<p>[\/vc_column_text]\t\t<\/div>\n\t<\/div>\n\t<\/div><\/div>[\/vc_column_inner][\/vc_row_inner][vc_separator][\/vc_column][\/vc_row][vc_row row_content_width=&#8220;grid&#8220; anchor=&#8220;voram&#8220;][vc_column offset=&#8220;vc_hidden-lg vc_hidden-md&#8220;][vc_separator][vc_row_inner][vc_column_inner offset=&#8220;vc_col-lg-3 vc_col-md-4&#8243;][vc_empty_space height=&#8220;95px&#8220;]<div class=\"eltdf-image-with-text-holder\">\n    <div class=\"eltdf-iwt-image\">\n                                    <img loading=\"lazy\" decoding=\"async\" width=\"1280\" height=\"1130\" src=\"https:\/\/pietrosa.com\/wp-content\/uploads\/2020\/05\/vora_solo.png\" class=\"attachment-full size-full\" alt=\"\" srcset=\"https:\/\/pietrosa.com\/wp-content\/uploads\/2020\/05\/vora_solo.png 1280w, https:\/\/pietrosa.com\/wp-content\/uploads\/2020\/05\/vora_solo-300x265.png 300w, https:\/\/pietrosa.com\/wp-content\/uploads\/2020\/05\/vora_solo-1024x904.png 1024w, https:\/\/pietrosa.com\/wp-content\/uploads\/2020\/05\/vora_solo-768x678.png 768w\" sizes=\"auto, (max-width: 1280px) 100vw, 1280px\" \/>                        <\/div>\n    <div class=\"eltdf-iwt-text-holder\">\n        \t\t    <\/div>\n<\/div>[\/vc_column_inner][vc_column_inner offset=&#8220;vc_col-lg-9 vc_col-md-8&#8243;]<div class=\"eltdf-elements-holder eltdf-responsive-mode-768\" ><div class=\"eltdf-eh-item \" data-item-class=\"eltdf-eh-custom-964144\" data-1024-1280=\"129px 15% 150px 0px\" data-768-1024=\"137px 10% 150px 0px\" data-600-768=\"50px 6% 150px 0px\" data-480-600=\"50px 0% 150px 0px\" data-480=\"50px 0% 150px 0px\" >\n\t<div class=\"eltdf-eh-item-inner\" >\n\t\t<div class=\"eltdf-eh-item-content eltdf-eh-custom-964144\" style=\"padding: 129px 22% 150px 0px\">\n\t\t\t[vc_column_text css=&#8220;.vc_custom_1585910737470{margin-top: -24px !important;}&#8220;]<\/p>\n<h3>Vora<\/h3>\n<p>[\/vc_column_text][vc_empty_space height=&#8220;27px&#8220;][vc_column_text css=&#8220;.vc_custom_1592430353568{margin-top: -5px !important;}&#8220;]Vora. Die Falle unter unseren F\u00fc\u00dfen, eine Mulde in den salentinischen B\u00f6den aus Kalkstein, wo der Geruch des Steins von der Hitze der Sonne erw\u00e4rmt wird.[\/vc_column_text][vc_column_text]<\/p>\n<ul>\n<li><a href=\"https:\/\/pietrosa.com\/de\/vora-negroamaro-salento-igp\/\">Vora Negroamaro Salento IGP<\/a><\/li>\n<\/ul>\n<p>[\/vc_column_text]\t\t<\/div>\n\t<\/div>\n\t<\/div><\/div>[\/vc_column_inner][\/vc_row_inner][\/vc_column][\/vc_row][vc_row row_content_width=&#8220;grid&#8220; css=&#8220;.vc_custom_1591881752121{padding-bottom: 150px !important;}&#8220; anchor=&#8220;palmentim&#8220;][vc_column offset=&#8220;vc_hidden-lg vc_hidden-md&#8220;][vc_separator][vc_row_inner][vc_column_inner offset=&#8220;vc_col-lg-3 vc_col-md-4&#8243;][vc_empty_space height=&#8220;95px&#8220;]<div class=\"eltdf-image-with-text-holder\">\n    <div class=\"eltdf-iwt-image\">\n                                    <img loading=\"lazy\" decoding=\"async\" width=\"1280\" height=\"1130\" src=\"https:\/\/pietrosa.com\/wp-content\/uploads\/2020\/05\/PALMENTI-TUTTE.png\" class=\"attachment-full size-full\" alt=\"\" srcset=\"https:\/\/pietrosa.com\/wp-content\/uploads\/2020\/05\/PALMENTI-TUTTE.png 1280w, https:\/\/pietrosa.com\/wp-content\/uploads\/2020\/05\/PALMENTI-TUTTE-300x265.png 300w, https:\/\/pietrosa.com\/wp-content\/uploads\/2020\/05\/PALMENTI-TUTTE-1024x904.png 1024w, https:\/\/pietrosa.com\/wp-content\/uploads\/2020\/05\/PALMENTI-TUTTE-768x678.png 768w\" sizes=\"auto, (max-width: 1280px) 100vw, 1280px\" \/>                        <\/div>\n    <div class=\"eltdf-iwt-text-holder\">\n        \t\t    <\/div>\n<\/div>[\/vc_column_inner][vc_column_inner offset=&#8220;vc_col-lg-9 vc_col-md-8&#8243;]<div class=\"eltdf-elements-holder eltdf-responsive-mode-768\" ><div class=\"eltdf-eh-item \" data-item-class=\"eltdf-eh-custom-359211\" data-1024-1280=\"129px 15% 150px 0px\" data-768-1024=\"137px 10% 150px 0px\" data-600-768=\"50px 6% 15px 0px\" data-480-600=\"50px 0% 15px 0px\" data-480=\"50px 0% 15px 0px\" >\n\t<div class=\"eltdf-eh-item-inner\" >\n\t\t<div class=\"eltdf-eh-item-content eltdf-eh-custom-359211\" style=\"padding: 129px 22% 150px 0px\">\n\t\t\t[vc_column_text css=&#8220;.vc_custom_1588155853424{margin-top: -24px !important;}&#8220;]<\/p>\n<h3>Palmenti<\/h3>\n<p>[\/vc_column_text][vc_empty_space height=&#8220;27px&#8220;][vc_column_text css=&#8220;.vc_custom_1592430371282{margin-top: -5px !important;}&#8220;]Palmenti, die G\u00e4rungssorte des Mostes, die heiligen Orte unserer Tradition. In den Felsw\u00e4nden, in den Spiegelungen des der Sonne ausgesetzten Steins, in den Gesichtern der unerm\u00fcdlichen Arbeiter, all der Zauber unserer Weine. In den Fels gegraben, in der Geschichte fest verankert.[\/vc_column_text][vc_column_text]<\/p>\n<ul>\n<li><a href=\"https:\/\/pietrosa.com\/de\/palmenti-negroamaro-salento-igp\/\">Palmenti Negroamaro Salento IGP Vigne Vecchie<\/a><\/li>\n<li><a href=\"https:\/\/pietrosa.com\/de\/palmenti-primitivo-di-manduria-dop\/\">Palmenti Primitivo di Manduria DOP Vigne Vecchie<\/a><\/li>\n<\/ul>\n<p>[\/vc_column_text]\t\t<\/div>\n\t<\/div>\n\t<\/div><\/div>[\/vc_column_inner][\/vc_row_inner][\/vc_column][\/vc_row]<\/p>\n<\/div>","protected":false},"excerpt":{"rendered":"<p>[vc_row row_content_width=&#8220;grid&#8220; content_text_aligment=&#8220;center&#8220; css=&#8220;.vc_custom_1492067965345{padding-top: 145px !important;padding-bottom: 60px !important;}&#8220;][vc_column][\/vc_column][\/vc_row][vc_row row_content_width=&#8220;grid&#8220; anchor=&#8220;primavoce&#8220;][vc_column offset=&#8220;vc_hidden-sm vc_hidden-xs&#8220;][vc_separator][vc_row_inner][vc_column_inner width=&#8220;1\/2&#8243;][vc_empty_space height=&#8220;95px&#8220;][\/vc_column_inner][vc_column_inner width=&#8220;1\/2&#8243;][\/vc_column_inner][\/vc_row_inner][\/vc_column][\/vc_row][vc_row row_content_width=&#8220;grid&#8220; anchor=&#8220;masseriapietrosa&#8220;][vc_column offset=&#8220;vc_hidden-sm vc_hidden-xs&#8220;][vc_separator][vc_row_inner][vc_column_inner width=&#8220;1\/2&#8243;][\/vc_column_inner][vc_column_inner width=&#8220;1\/2&#8243;][vc_empty_space height=&#8220;95px&#8220;][\/vc_column_inner][\/vc_row_inner][\/vc_column][\/vc_row][vc_row row_content_width=&#8220;grid&#8220; anchor=&#8220;vora&#8220;][vc_column offset=&#8220;vc_hidden-sm vc_hidden-xs&#8220;][vc_separator][vc_row_inner][vc_column_inner width=&#8220;1\/2&#8243;][vc_empty_space height=&#8220;95px&#8220;][\/vc_column_inner][vc_column_inner width=&#8220;1\/2&#8243;][\/vc_column_inner][\/vc_row_inner][\/vc_column][\/vc_row][vc_row row_content_width=&#8220;grid&#8220; anchor=&#8220;palmenti&#8220;][vc_column offset=&#8220;vc_hidden-sm vc_hidden-xs&#8220;][vc_separator][vc_row_inner][vc_column_inner width=&#8220;1\/2&#8243;][\/vc_column_inner][vc_column_inner width=&#8220;1\/2&#8243;][vc_empty_space height=&#8220;95px&#8220;][\/vc_column_inner][\/vc_row_inner][\/vc_column][\/vc_row][vc_row row_content_width=&#8220;grid&#8220; anchor=&#8220;primavocem&#8220;][vc_column offset=&#8220;vc_hidden-lg vc_hidden-md&#8220;][vc_row_inner][vc_column_inner offset=&#8220;vc_col-lg-3 vc_col-md-4&#8243;][vc_empty_space height=&#8220;95px&#8220;][\/vc_column_inner][vc_column_inner offset=&#8220;vc_col-lg-9 vc_col-md-8&#8243;][\/vc_column_inner][\/vc_row_inner][vc_separator][\/vc_column][\/vc_row][vc_row [&hellip;]<\/p>\n","protected":false},"author":1,"featured_media":0,"parent":0,"menu_order":0,"comment_status":"closed","ping_status":"closed","template":"full-width.php","meta":{"footnotes":""},"class_list":["post-11512","page","type-page","status-publish","hentry"],"_links":{"self":[{"href":"https:\/\/pietrosa.com\/de\/wp-json\/wp\/v2\/pages\/11512","targetHints":{"allow":["GET"]}}],"collection":[{"href":"https:\/\/pietrosa.com\/de\/wp-json\/wp\/v2\/pages"}],"about":[{"href":"https:\/\/pietrosa.com\/de\/wp-json\/wp\/v2\/types\/page"}],"author":[{"embeddable":true,"href":"https:\/\/pietrosa.com\/de\/wp-json\/wp\/v2\/users\/1"}],"replies":[{"embeddable":true,"href":"https:\/\/pietrosa.com\/de\/wp-json\/wp\/v2\/comments?post=11512"}],"version-history":[{"count":8,"href":"https:\/\/pietrosa.com\/de\/wp-json\/wp\/v2\/pages\/11512\/revisions"}],"predecessor-version":[{"id":12558,"href":"https:\/\/pietrosa.com\/de\/wp-json\/wp\/v2\/pages\/11512\/revisions\/12558"}],"wp:attachment":[{"href":"https:\/\/pietrosa.com\/de\/wp-json\/wp\/v2\/media?parent=11512"}],"curies":[{"name":"wp","href":"https:\/\/api.w.org\/{rel}","templated":true}]}}