{"id":11506,"date":"2020-04-02T12:42:04","date_gmt":"2020-04-02T10:42:04","guid":{"rendered":"https:\/\/pietrosa.com\/homepage\/"},"modified":"2024-12-13T12:07:59","modified_gmt":"2024-12-13T11:07:59","slug":"homepage","status":"publish","type":"page","link":"https:\/\/pietrosa.com\/de\/","title":{"rendered":"Homepage"},"content":{"rendered":"<div class=\"wpb-content-wrapper\"><p>[vc_row row_content_width=&#8220;grid&#8220; content_text_aligment=&#8220;center&#8220; css=&#8220;.vc_custom_1591785878335{padding-top: 150px !important;padding-bottom: 100px !important;}&#8220;][vc_column css=&#8220;.vc_custom_1489652759587{padding-right: 0px !important;padding-left: 0px !important;}&#8220;]<div class=\"eltdf-section-title-holder\" >\n\t\t\t<h2 class=\"eltdf-st-title\" >\n\t\t\t<span>Das Unternehmen<\/span>\n\t\t<\/h2>\n                    <div class=\"eltdf-st-separator clearfix\">\n                <div class=\"eltdf-separator\" ><\/div>\n            <\/div>\n        \t\t\t<\/div>[vc_row_inner][vc_column_inner width=&#8220;1\/3&#8243;][vc_single_image image=&#8220;11309&#8243; img_size=&#8220;full&#8220; css=&#8220;.vc_custom_1591692764628{padding-left: 35px !important;}&#8220;][vc_empty_space height=&#8220;18px&#8220;][\/vc_column_inner][vc_column_inner width=&#8220;2\/3&#8243;][vc_empty_space height=&#8220;15px&#8220;][vc_column_text]<\/p>\n<p style=\"text-align: justify;\">Das Weingut San Marzano wurde 1962 von 19 Arbeitern aus Marzano di San Giuseppe gegr\u00fcndet. Diese stammen alle von mit dem Land verkn\u00fcpften Familien ab, und vereinten sich, um den Wert ihrer Arbeit zu steigern.Heute arbeitet das Unternehmen mit ungef\u00e4hr 1200 Weing\u00e4rtner auf Weing\u00fctern mit mehr als 1500 Hektar. Das Unternehmen unter der Leitung von Francesco Cavallo ist der Urpsrung f\u00fcr die Ver\u00e4nderung des Weinbausektors in Apulien und konnte den Sektor richtig verstehen. Dies schaffte das Unternehmen aufgrund der kulturellen Revolution, die es entfacht hat, aber genauso wegen der Modernisierung seiner Anlagen sowie der Zusammenstellung eines immer kompetenteren, jungen und spezialisierten Teams.<\/p>\n<p>[\/vc_column_text][\/vc_column_inner][\/vc_row_inner][\/vc_column][\/vc_row][vc_row row_content_width=&#8220;grid&#8220; content_text_aligment=&#8220;center&#8220; css=&#8220;.vc_custom_1585830666351{padding-top: 50px !important;padding-bottom: 92px !important;}&#8220;][vc_column css=&#8220;.vc_custom_1489652759587{padding-right: 0px !important;padding-left: 0px !important;}&#8220;]<div class=\"eltdf-section-title-holder\" >\n\t\t\t<h2 class=\"eltdf-st-title\" >\n\t\t\t<span>Unsere weine<\/span>\n\t\t<\/h2>\n                    <div class=\"eltdf-st-separator clearfix\">\n                <div class=\"eltdf-separator\" style=\"margin-top: 23px;margin-bottom: 4px\"><\/div>\n            <\/div>\n        \t\t\t<\/div>[\/vc_column][\/vc_row][vc_row][vc_column offset=&#8220;vc_hidden-xs&#8220;]<div class=\"eltdf-elements-holder eltdf-two-columns eltdf-responsive-mode-1024\" ><div class=\"eltdf-eh-item \" data-item-class=\"eltdf-eh-custom-951882\" >\n\t<div class=\"eltdf-eh-item-inner\" >\n\t\t<div class=\"eltdf-eh-item-content eltdf-eh-custom-951882\" style=\"padding: 0px 0px\">\n\t\t\t<div class=\"eltdf-interactive-info-box clearfix eltdf-interactive-info-box-image-left\">\n            <div class=\"eltdf-iib-image\">\n                                    <img loading=\"lazy\" decoding=\"async\" width=\"1000\" height=\"883\" src=\"https:\/\/pietrosa.com\/wp-content\/uploads\/2020\/06\/PRIMITIVO.jpg\" class=\"attachment-full size-full\" alt=\"\" srcset=\"https:\/\/pietrosa.com\/wp-content\/uploads\/2020\/06\/PRIMITIVO.jpg 1000w, https:\/\/pietrosa.com\/wp-content\/uploads\/2020\/06\/PRIMITIVO-300x265.jpg 300w, https:\/\/pietrosa.com\/wp-content\/uploads\/2020\/06\/PRIMITIVO-768x678.jpg 768w\" sizes=\"auto, (max-width: 1000px) 100vw, 1000px\" \/>                            <span class=\"eltd-iib-image-border-top\"><\/span>\n            <span class=\"eltd-iib-image-border-right\"><\/span>\n            <span class=\"eltd-iib-image-border-bottom\"><\/span>\n            <span class=\"eltd-iib-image-border-left\"><\/span>\n            <div class=\"eltdf-iib-image-hover-info\">\n                <div class=\"eltdf-iib-image-hover-info-holder\">\n                    <div class=\"eltdf-iib-image-hover-info-inner\">\n                                                                            <a class=\"eltdf-iib-hover-link eltdf-btn eltdf-btn-small eltdf-btn-solid\" href=\"https:\/\/pietrosa.com\/de\/produkte\/\" target=\"_self\">Entdecken<\/a>\n                                            <\/div>\n                                            <a class=\"eltdf-iib-image-hover-link\" href=\"https:\/\/pietrosa.com\/de\/produkte\/\" target=\"_self\"><\/a>\n                                    <\/div>\n            <\/div>\n        <\/div>\n        <div class=\"eltdf-iib-text-holder\" style=\"background-color: #f3efee\">\n            <h3 class=\"eltdf-iib-title\">Primavoce<\/h3>\n            <div class=\"eltdf-iib-separator clearfix\">\n        <div class=\"eltdf-separator\"><\/div>\n    <\/div>\n            <p class=\"eltdf-iib-text\">Die ersten Sonnenstrahlen. Die ersten Stimmen. Der Sonnenaufgang, ein jahrtausendealter ritueller Gesang, der den Flei\u00df der Bauern weckt, die Farben der Landschaft wieder erbl\u00fchen l\u00e4sst und Tage des Vergn\u00fcgens und der Arbeit erhellt. Die erste Stimme, die Sanduhr der Veranstaltungen, Weinlesen und Jahreszeiten.<\/p>\n        <\/div>\n    <\/div><div class=\"eltdf-interactive-info-box clearfix eltdf-interactive-info-box-image-right\">\n        <div class=\"eltdf-iib-text-holder\" style=\"background-color: #f3efee\">\n            <h3 class=\"eltdf-iib-title\">Masseria Pietrosa<\/h3>\n            <div class=\"eltdf-iib-separator clearfix\">\n        <div class=\"eltdf-separator\"><\/div>\n    <\/div>\n            <p class=\"eltdf-iib-text\">Trockenmauern und Trifte, die vorbeif\u00fchren an den Weing\u00fctern, an rotem Boden und an wei\u00dfen Steinen, eine Landschaft, die reich an Errungenschaften ist. Eine Landschaft, die reich an Errungenschaften ist, eine Landschaft, die schon immer von der Herstellung gro\u00dfartiger Weine gepr\u00e4gt war.<\/p>\n        <\/div>\n            <div class=\"eltdf-iib-image\">\n                            <img loading=\"lazy\" decoding=\"async\" width=\"1000\" height=\"883\" src=\"https:\/\/pietrosa.com\/wp-content\/uploads\/2024\/12\/pietrosa-ambientata-salice-salentino-homepage.jpg\" class=\"attachment-full size-full\" alt=\"\" srcset=\"https:\/\/pietrosa.com\/wp-content\/uploads\/2024\/12\/pietrosa-ambientata-salice-salentino-homepage.jpg 1000w, https:\/\/pietrosa.com\/wp-content\/uploads\/2024\/12\/pietrosa-ambientata-salice-salentino-homepage-300x265.jpg 300w, https:\/\/pietrosa.com\/wp-content\/uploads\/2024\/12\/pietrosa-ambientata-salice-salentino-homepage-768x678.jpg 768w\" sizes=\"auto, (max-width: 1000px) 100vw, 1000px\" \/>                        <span class=\"eltd-iib-image-border-top\"><\/span>\n            <span class=\"eltd-iib-image-border-right\"><\/span>\n            <span class=\"eltd-iib-image-border-bottom\"><\/span>\n            <span class=\"eltd-iib-image-border-left\"><\/span>\n            <div class=\"eltdf-iib-image-hover-info\">\n                <div class=\"eltdf-iib-image-hover-info-holder\">\n                    <div class=\"eltdf-iib-image-hover-info-inner\">\n                                                                            <a class=\"eltdf-iib-hover-link eltdf-btn eltdf-btn-small eltdf-btn-solid\" href=\"https:\/\/pietrosa.com\/de\/produkte\/\" target=\"_self\">entdecken<\/a>\n                                            <\/div>\n                                            <a class=\"eltdf-iib-image-hover-link\" href=\"https:\/\/pietrosa.com\/de\/produkte\/\" target=\"_self\"><\/a>\n                                    <\/div>\n            <\/div>\n        <\/div>\n    <\/div>\t\t<\/div>\n\t<\/div>\n\t<\/div><div class=\"eltdf-eh-item \" data-item-class=\"eltdf-eh-custom-924755\" >\n\t<div class=\"eltdf-eh-item-inner\" >\n\t\t<div class=\"eltdf-eh-item-content eltdf-eh-custom-924755\" style=\"padding: 0px 0px\">\n\t\t\t<div class=\"eltdf-interactive-info-box clearfix eltdf-interactive-info-box-image-left\">\n            <div class=\"eltdf-iib-image\">\n                                    <img loading=\"lazy\" decoding=\"async\" width=\"1000\" height=\"883\" src=\"https:\/\/pietrosa.com\/wp-content\/uploads\/2020\/06\/vora.jpg\" class=\"attachment-full size-full\" alt=\"\" srcset=\"https:\/\/pietrosa.com\/wp-content\/uploads\/2020\/06\/vora.jpg 1000w, https:\/\/pietrosa.com\/wp-content\/uploads\/2020\/06\/vora-300x265.jpg 300w, https:\/\/pietrosa.com\/wp-content\/uploads\/2020\/06\/vora-768x678.jpg 768w\" sizes=\"auto, (max-width: 1000px) 100vw, 1000px\" \/>                            <span class=\"eltd-iib-image-border-top\"><\/span>\n            <span class=\"eltd-iib-image-border-right\"><\/span>\n            <span class=\"eltd-iib-image-border-bottom\"><\/span>\n            <span class=\"eltd-iib-image-border-left\"><\/span>\n            <div class=\"eltdf-iib-image-hover-info\">\n                <div class=\"eltdf-iib-image-hover-info-holder\">\n                    <div class=\"eltdf-iib-image-hover-info-inner\">\n                                                                            <a class=\"eltdf-iib-hover-link eltdf-btn eltdf-btn-small eltdf-btn-solid\" href=\"https:\/\/pietrosa.com\/de\/produkte\/\" target=\"_self\">entdecken<\/a>\n                                            <\/div>\n                                            <a class=\"eltdf-iib-image-hover-link\" href=\"https:\/\/pietrosa.com\/de\/produkte\/\" target=\"_self\"><\/a>\n                                    <\/div>\n            <\/div>\n        <\/div>\n        <div class=\"eltdf-iib-text-holder\" style=\"background-color: #f3efee\">\n            <h3 class=\"eltdf-iib-title\">Vora<\/h3>\n            <div class=\"eltdf-iib-separator clearfix\">\n        <div class=\"eltdf-separator\"><\/div>\n    <\/div>\n            <p class=\"eltdf-iib-text\">Vora. Die Falle unter unseren F\u00fc\u00dfen, eine Mulde in den salentinischen B\u00f6den aus Kalkstein, wo der Geruch des Steins von der Hitze der Sonne erw\u00e4rmt wird.<\/p>\n        <\/div>\n    <\/div><div class=\"eltdf-interactive-info-box clearfix eltdf-interactive-info-box-image-right\">\n        <div class=\"eltdf-iib-text-holder\" style=\"background-color: #f3efee\">\n            <h3 class=\"eltdf-iib-title\">Palmenti<\/h3>\n            <div class=\"eltdf-iib-separator clearfix\">\n        <div class=\"eltdf-separator\"><\/div>\n    <\/div>\n            <p class=\"eltdf-iib-text\">Palmenti, die G\u00e4rungssorte des Mostes, die heiligen Orte unserer Tradition. In den Felsw\u00e4nden, in den Spiegelungen des der Sonne ausgesetzten Steins, in den Gesichtern der unerm\u00fcdlichen Arbeiter, all der Zauber unserer Weine. In den Fels gegraben, in der Geschichte fest verankert.<\/p>\n        <\/div>\n            <div class=\"eltdf-iib-image\">\n                            <img loading=\"lazy\" decoding=\"async\" width=\"1000\" height=\"883\" src=\"https:\/\/pietrosa.com\/wp-content\/uploads\/2020\/06\/PALMENTI.jpg\" class=\"attachment-full size-full\" alt=\"\" srcset=\"https:\/\/pietrosa.com\/wp-content\/uploads\/2020\/06\/PALMENTI.jpg 1000w, https:\/\/pietrosa.com\/wp-content\/uploads\/2020\/06\/PALMENTI-300x265.jpg 300w, https:\/\/pietrosa.com\/wp-content\/uploads\/2020\/06\/PALMENTI-768x678.jpg 768w\" sizes=\"auto, (max-width: 1000px) 100vw, 1000px\" \/>                        <span class=\"eltd-iib-image-border-top\"><\/span>\n            <span class=\"eltd-iib-image-border-right\"><\/span>\n            <span class=\"eltd-iib-image-border-bottom\"><\/span>\n            <span class=\"eltd-iib-image-border-left\"><\/span>\n            <div class=\"eltdf-iib-image-hover-info\">\n                <div class=\"eltdf-iib-image-hover-info-holder\">\n                    <div class=\"eltdf-iib-image-hover-info-inner\">\n                                                                            <a class=\"eltdf-iib-hover-link eltdf-btn eltdf-btn-small eltdf-btn-solid\" href=\"https:\/\/pietrosa.com\/de\/produkte\/\" target=\"_self\">entdecken<\/a>\n                                            <\/div>\n                                            <a class=\"eltdf-iib-image-hover-link\" href=\"https:\/\/pietrosa.com\/de\/produkte\/\" target=\"_self\"><\/a>\n                                    <\/div>\n            <\/div>\n        <\/div>\n    <\/div>\t\t<\/div>\n\t<\/div>\n\t<\/div><\/div>[\/vc_column][\/vc_row][vc_row][vc_column offset=&#8220;vc_hidden-lg vc_hidden-md vc_hidden-sm&#8220;]<div class=\"eltdf-elements-holder eltdf-responsive-mode-1024\" ><div class=\"eltdf-eh-item \" data-item-class=\"eltdf-eh-custom-547922\" >\n\t<div class=\"eltdf-eh-item-inner\" >\n\t\t<div class=\"eltdf-eh-item-content eltdf-eh-custom-547922\" style=\"padding: 0px 0px\">\n\t\t\t<div class=\"eltdf-interactive-info-box clearfix eltdf-interactive-info-box-image-right\">\n        <div class=\"eltdf-iib-text-holder\" style=\"background-color: #f3efee\">\n            <h3 class=\"eltdf-iib-title\">Masseria Pietrosa<\/h3>\n            <div class=\"eltdf-iib-separator clearfix\">\n        <div class=\"eltdf-separator\"><\/div>\n    <\/div>\n            <p class=\"eltdf-iib-text\">Trockenmauern und Trifte, die vorbeif\u00fchren an den Weing\u00fctern, an rotem Boden und an wei\u00dfen Steinen, eine Landschaft, die reich an Errungenschaften ist. Eine Landschaft, die reich an Errungenschaften ist, eine Landschaft, die schon immer von der Herstellung gro\u00dfartiger Weine gepr\u00e4gt war.<\/p>\n        <\/div>\n            <div class=\"eltdf-iib-image\">\n                            <img loading=\"lazy\" decoding=\"async\" width=\"1000\" height=\"883\" src=\"https:\/\/pietrosa.com\/wp-content\/uploads\/2024\/12\/pietrosa-ambientata-salice-salentino-homepage.jpg\" class=\"attachment-full size-full\" alt=\"\" srcset=\"https:\/\/pietrosa.com\/wp-content\/uploads\/2024\/12\/pietrosa-ambientata-salice-salentino-homepage.jpg 1000w, https:\/\/pietrosa.com\/wp-content\/uploads\/2024\/12\/pietrosa-ambientata-salice-salentino-homepage-300x265.jpg 300w, https:\/\/pietrosa.com\/wp-content\/uploads\/2024\/12\/pietrosa-ambientata-salice-salentino-homepage-768x678.jpg 768w\" sizes=\"auto, (max-width: 1000px) 100vw, 1000px\" \/>                        <span class=\"eltd-iib-image-border-top\"><\/span>\n            <span class=\"eltd-iib-image-border-right\"><\/span>\n            <span class=\"eltd-iib-image-border-bottom\"><\/span>\n            <span class=\"eltd-iib-image-border-left\"><\/span>\n            <div class=\"eltdf-iib-image-hover-info\">\n                <div class=\"eltdf-iib-image-hover-info-holder\">\n                    <div class=\"eltdf-iib-image-hover-info-inner\">\n                                                                            <a class=\"eltdf-iib-hover-link eltdf-btn eltdf-btn-small eltdf-btn-solid\" href=\"https:\/\/pietrosa.com\/de\/produkte\/\" target=\"_self\">entdecken<\/a>\n                                            <\/div>\n                                            <a class=\"eltdf-iib-image-hover-link\" href=\"https:\/\/pietrosa.com\/de\/produkte\/\" target=\"_self\"><\/a>\n                                    <\/div>\n            <\/div>\n        <\/div>\n    <\/div>\t\t<\/div>\n\t<\/div>\n\t<\/div><\/div><div class=\"eltdf-elements-holder eltdf-responsive-mode-1024\" ><div class=\"eltdf-eh-item \" data-item-class=\"eltdf-eh-custom-778968\" >\n\t<div class=\"eltdf-eh-item-inner\" >\n\t\t<div class=\"eltdf-eh-item-content eltdf-eh-custom-778968\" style=\"padding: 0px 0px\">\n\t\t\t<div class=\"eltdf-interactive-info-box clearfix eltdf-interactive-info-box-image-left\">\n            <div class=\"eltdf-iib-image\">\n                                    <img loading=\"lazy\" decoding=\"async\" width=\"1000\" height=\"883\" src=\"https:\/\/pietrosa.com\/wp-content\/uploads\/2020\/06\/PRIMITIVO.jpg\" class=\"attachment-full size-full\" alt=\"\" srcset=\"https:\/\/pietrosa.com\/wp-content\/uploads\/2020\/06\/PRIMITIVO.jpg 1000w, https:\/\/pietrosa.com\/wp-content\/uploads\/2020\/06\/PRIMITIVO-300x265.jpg 300w, https:\/\/pietrosa.com\/wp-content\/uploads\/2020\/06\/PRIMITIVO-768x678.jpg 768w\" sizes=\"auto, (max-width: 1000px) 100vw, 1000px\" \/>                            <span class=\"eltd-iib-image-border-top\"><\/span>\n            <span class=\"eltd-iib-image-border-right\"><\/span>\n            <span class=\"eltd-iib-image-border-bottom\"><\/span>\n            <span class=\"eltd-iib-image-border-left\"><\/span>\n            <div class=\"eltdf-iib-image-hover-info\">\n                <div class=\"eltdf-iib-image-hover-info-holder\">\n                    <div class=\"eltdf-iib-image-hover-info-inner\">\n                                                                            <a class=\"eltdf-iib-hover-link eltdf-btn eltdf-btn-small eltdf-btn-solid\" href=\"https:\/\/pietrosa.com\/de\/produkte\/\" target=\"_self\">Entdecken<\/a>\n                                            <\/div>\n                                            <a class=\"eltdf-iib-image-hover-link\" href=\"https:\/\/pietrosa.com\/de\/produkte\/\" target=\"_self\"><\/a>\n                                    <\/div>\n            <\/div>\n        <\/div>\n        <div class=\"eltdf-iib-text-holder\" style=\"background-color: #f3efee\">\n            <h3 class=\"eltdf-iib-title\">Primavoce<\/h3>\n            <div class=\"eltdf-iib-separator clearfix\">\n        <div class=\"eltdf-separator\"><\/div>\n    <\/div>\n            <p class=\"eltdf-iib-text\">Die ersten Sonnenstrahlen. Die ersten Stimmen. Der Sonnenaufgang, ein jahrtausendealter ritueller Gesang, der den Flei\u00df der Bauern weckt, die Farben der Landschaft wieder erbl\u00fchen l\u00e4sst und Tage des Vergn\u00fcgens und der Arbeit erhellt. Die erste Stimme, die Sanduhr der Veranstaltungen, Weinlesen und Jahreszeiten.<\/p>\n        <\/div>\n    <\/div>\t\t<\/div>\n\t<\/div>\n\t<\/div><\/div><div class=\"eltdf-elements-holder eltdf-responsive-mode-1024\" ><div class=\"eltdf-eh-item \" data-item-class=\"eltdf-eh-custom-928831\" >\n\t<div class=\"eltdf-eh-item-inner\" >\n\t\t<div class=\"eltdf-eh-item-content eltdf-eh-custom-928831\" style=\"padding: 0px 0px\">\n\t\t\t<div class=\"eltdf-interactive-info-box clearfix eltdf-interactive-info-box-image-right\">\n        <div class=\"eltdf-iib-text-holder\" style=\"background-color: #f3efee\">\n            <h3 class=\"eltdf-iib-title\">Palmenti<\/h3>\n            <div class=\"eltdf-iib-separator clearfix\">\n        <div class=\"eltdf-separator\"><\/div>\n    <\/div>\n            <p class=\"eltdf-iib-text\">Palmenti, die G\u00e4rungssorte des Mostes, die heiligen Orte unserer Tradition. In den Felsw\u00e4nden, in den Spiegelungen des der Sonne ausgesetzten Steins, in den Gesichtern der unerm\u00fcdlichen Arbeiter, all der Zauber unserer Weine. In den Fels gegraben, in der Geschichte fest verankert.<\/p>\n        <\/div>\n            <div class=\"eltdf-iib-image\">\n                            <img loading=\"lazy\" decoding=\"async\" width=\"1000\" height=\"883\" src=\"https:\/\/pietrosa.com\/wp-content\/uploads\/2020\/06\/PALMENTI.jpg\" class=\"attachment-full size-full\" alt=\"\" srcset=\"https:\/\/pietrosa.com\/wp-content\/uploads\/2020\/06\/PALMENTI.jpg 1000w, https:\/\/pietrosa.com\/wp-content\/uploads\/2020\/06\/PALMENTI-300x265.jpg 300w, https:\/\/pietrosa.com\/wp-content\/uploads\/2020\/06\/PALMENTI-768x678.jpg 768w\" sizes=\"auto, (max-width: 1000px) 100vw, 1000px\" \/>                        <span class=\"eltd-iib-image-border-top\"><\/span>\n            <span class=\"eltd-iib-image-border-right\"><\/span>\n            <span class=\"eltd-iib-image-border-bottom\"><\/span>\n            <span class=\"eltd-iib-image-border-left\"><\/span>\n            <div class=\"eltdf-iib-image-hover-info\">\n                <div class=\"eltdf-iib-image-hover-info-holder\">\n                    <div class=\"eltdf-iib-image-hover-info-inner\">\n                                                                            <a class=\"eltdf-iib-hover-link eltdf-btn eltdf-btn-small eltdf-btn-solid\" href=\"https:\/\/pietrosa.com\/de\/produkte\/\" target=\"_self\">entdecken<\/a>\n                                            <\/div>\n                                            <a class=\"eltdf-iib-image-hover-link\" href=\"https:\/\/pietrosa.com\/de\/produkte\/\" target=\"_self\"><\/a>\n                                    <\/div>\n            <\/div>\n        <\/div>\n    <\/div>\t\t<\/div>\n\t<\/div>\n\t<\/div><\/div><div class=\"eltdf-elements-holder eltdf-responsive-mode-1024\" ><div class=\"eltdf-eh-item \" data-item-class=\"eltdf-eh-custom-691242\" >\n\t<div class=\"eltdf-eh-item-inner\" >\n\t\t<div class=\"eltdf-eh-item-content eltdf-eh-custom-691242\" style=\"padding: 0px 0px\">\n\t\t\t<div class=\"eltdf-interactive-info-box clearfix eltdf-interactive-info-box-image-left\">\n            <div class=\"eltdf-iib-image\">\n                                    <img loading=\"lazy\" decoding=\"async\" width=\"1000\" height=\"883\" src=\"https:\/\/pietrosa.com\/wp-content\/uploads\/2020\/06\/vora.jpg\" class=\"attachment-full size-full\" alt=\"\" srcset=\"https:\/\/pietrosa.com\/wp-content\/uploads\/2020\/06\/vora.jpg 1000w, https:\/\/pietrosa.com\/wp-content\/uploads\/2020\/06\/vora-300x265.jpg 300w, https:\/\/pietrosa.com\/wp-content\/uploads\/2020\/06\/vora-768x678.jpg 768w\" sizes=\"auto, (max-width: 1000px) 100vw, 1000px\" \/>                            <span class=\"eltd-iib-image-border-top\"><\/span>\n            <span class=\"eltd-iib-image-border-right\"><\/span>\n            <span class=\"eltd-iib-image-border-bottom\"><\/span>\n            <span class=\"eltd-iib-image-border-left\"><\/span>\n            <div class=\"eltdf-iib-image-hover-info\">\n                <div class=\"eltdf-iib-image-hover-info-holder\">\n                    <div class=\"eltdf-iib-image-hover-info-inner\">\n                                                                            <a class=\"eltdf-iib-hover-link eltdf-btn eltdf-btn-small eltdf-btn-solid\" href=\"https:\/\/pietrosa.com\/de\/produkte\/\" target=\"_self\">entdecken<\/a>\n                                            <\/div>\n                                            <a class=\"eltdf-iib-image-hover-link\" href=\"https:\/\/pietrosa.com\/de\/produkte\/\" target=\"_self\"><\/a>\n                                    <\/div>\n            <\/div>\n        <\/div>\n        <div class=\"eltdf-iib-text-holder\" style=\"background-color: #f3efee\">\n            <h3 class=\"eltdf-iib-title\">Vora<\/h3>\n            <div class=\"eltdf-iib-separator clearfix\">\n        <div class=\"eltdf-separator\"><\/div>\n    <\/div>\n            <p class=\"eltdf-iib-text\">Vora. Die Falle unter unseren F\u00fc\u00dfen, eine Mulde in den salentinischen B\u00f6den aus Kalkstein, wo der Geruch des Steins von der Hitze der Sonne erw\u00e4rmt wird.<\/p>\n        <\/div>\n    <\/div>\t\t<\/div>\n\t<\/div>\n\t<\/div><\/div>[\/vc_column][\/vc_row]<\/p>\n<\/div>","protected":false},"excerpt":{"rendered":"<p>[vc_row row_content_width=&#8220;grid&#8220; content_text_aligment=&#8220;center&#8220; css=&#8220;.vc_custom_1591785878335{padding-top: 150px !important;padding-bottom: 100px !important;}&#8220;][vc_column css=&#8220;.vc_custom_1489652759587{padding-right: 0px !important;padding-left: 0px !important;}&#8220;][vc_row_inner][vc_column_inner width=&#8220;1\/3&#8243;][vc_single_image image=&#8220;11309&#8243; img_size=&#8220;full&#8220; css=&#8220;.vc_custom_1591692764628{padding-left: 35px !important;}&#8220;][vc_empty_space height=&#8220;18px&#8220;][\/vc_column_inner][vc_column_inner width=&#8220;2\/3&#8243;][vc_empty_space height=&#8220;15px&#8220;][vc_column_text] Das Weingut San Marzano wurde 1962 von 19 Arbeitern aus Marzano di San Giuseppe gegr\u00fcndet. Diese stammen alle von mit dem Land verkn\u00fcpften [&hellip;]<\/p>\n","protected":false},"author":1,"featured_media":0,"parent":0,"menu_order":0,"comment_status":"closed","ping_status":"closed","template":"full-width.php","meta":{"footnotes":""},"class_list":["post-11506","page","type-page","status-publish","hentry"],"_links":{"self":[{"href":"https:\/\/pietrosa.com\/de\/wp-json\/wp\/v2\/pages\/11506","targetHints":{"allow":["GET"]}}],"collection":[{"href":"https:\/\/pietrosa.com\/de\/wp-json\/wp\/v2\/pages"}],"about":[{"href":"https:\/\/pietrosa.com\/de\/wp-json\/wp\/v2\/types\/page"}],"author":[{"embeddable":true,"href":"https:\/\/pietrosa.com\/de\/wp-json\/wp\/v2\/users\/1"}],"replies":[{"embeddable":true,"href":"https:\/\/pietrosa.com\/de\/wp-json\/wp\/v2\/comments?post=11506"}],"version-history":[{"count":3,"href":"https:\/\/pietrosa.com\/de\/wp-json\/wp\/v2\/pages\/11506\/revisions"}],"predecessor-version":[{"id":12533,"href":"https:\/\/pietrosa.com\/de\/wp-json\/wp\/v2\/pages\/11506\/revisions\/12533"}],"wp:attachment":[{"href":"https:\/\/pietrosa.com\/de\/wp-json\/wp\/v2\/media?parent=11506"}],"curies":[{"name":"wp","href":"https:\/\/api.w.org\/{rel}","templated":true}]}}