{"id":11495,"date":"2020-04-02T14:33:57","date_gmt":"2020-04-02T12:33:57","guid":{"rendered":"https:\/\/pietrosa.com\/azienda\/"},"modified":"2020-06-17T23:11:16","modified_gmt":"2020-06-17T21:11:16","slug":"das-unternehmen","status":"publish","type":"page","link":"https:\/\/pietrosa.com\/de\/das-unternehmen\/","title":{"rendered":"Unternehmen"},"content":{"rendered":"<div class=\"wpb-content-wrapper\"><p>[vc_row row_content_width=&#8220;grid&#8220; content_text_aligment=&#8220;center&#8220; css=&#8220;.vc_custom_1591786620316{padding-top: 100px !important;padding-bottom: 85px !important;}&#8220;][vc_column css=&#8220;.vc_custom_1489652759587{padding-right: 0px !important;padding-left: 0px !important;}&#8220;]<div class=\"eltdf-section-title-holder\" style=\"text-align: left\">\n\t\t\t<h2 class=\"eltdf-st-title\" >\n\t\t\t<span>Das Unternehmen<\/span>\n\t\t<\/h2>\n                    <div class=\"eltdf-st-separator clearfix\">\n                <div class=\"eltdf-separator\" ><\/div>\n            <\/div>\n        \t\t\t<\/div>[vc_row_inner][vc_column_inner][vc_empty_space height=&#8220;15px&#8220;][vc_column_text]<\/p>\n<p style=\"text-align: justify;\">Das Weingut San Marzano wurde 1962 von 19 Arbeitern aus Marzano di San Giuseppe gegr\u00fcndet. Diese stammen alle von mit dem Land verkn\u00fcpften Familien ab, und vereinten sich, um den Wert ihrer Arbeit zu steigern.Heute arbeitet das Unternehmen mit ungef\u00e4hr 1200 Weing\u00e4rtner auf Weing\u00fctern mit mehr als 1500 Hektar. Das Unternehmen unter der Leitung von Francesco Cavallo ist der Urpsrung f\u00fcr die Ver\u00e4nderung des Weinbausektors in Apulien und konnte den Sektor richtig verstehen. Dies schaffte das Unternehmen aufgrund der kulturellen Revolution, die es entfacht hat, aber genauso wegen der Modernisierung seiner Anlagen sowie der Zusammenstellung eines immer kompetenteren, jungen und spezialisierten Teams.<\/p>\n<p>[\/vc_column_text][\/vc_column_inner][\/vc_row_inner][\/vc_column][\/vc_row][vc_row content_text_aligment=&#8220;left&#8220; css=&#8220;.vc_custom_1591786358897{padding-top: 50px !important;padding-bottom: 85px !important;background-color: rgba(0,0,0,0.03) !important;*background-color: rgb(0,0,0) !important;}&#8220;][vc_column css=&#8220;.vc_custom_1489652759587{padding-right: 0px !important;padding-left: 0px !important;}&#8220;][vc_row_inner row_content_width=&#8220;grid&#8220;][vc_column_inner el_class=&#8220;cantine&#8220;]<div class=\"eltdf-section-title-holder\" style=\"text-align: right\">\n\t\t\t<h2 class=\"eltdf-st-title\" >\n\t\t\t<span>Die Hauptaufgaben des Weinguts<\/span>\n\t\t<\/h2>\n                    <div class=\"eltdf-st-separator clearfix\">\n                <div class=\"eltdf-separator\" style=\"margin-top: 23px;margin-bottom: 4px\"><\/div>\n            <\/div>\n        \t\t\t<\/div>[vc_empty_space height=&#8220;15px&#8220;][vc_column_text]<\/p>\n<p style=\"text-align: justify;\">Die Hauptaufgaben des Weinguts werden in San Marzano di San Giuseppe (Italien) erledigt, das Herz des Primitivo di Manduria DOP. Im Unternehmen werden moderne und technologisch fortgeschrittene Anlagen verwendet. Hier werden renommierte und wiedererkennbare Weine hergestellt, die auf ungef\u00e4hr 70 internationalen M\u00e4rkten verkauft werden. Auf diesen M\u00e4rkten, ist San Marzano zum Synonym f\u00fcr den Primitivo geworden.<\/p>\n<p>[\/vc_column_text][\/vc_column_inner][\/vc_row_inner][\/vc_column][\/vc_row][vc_row row_content_width=&#8220;grid&#8220; css=&#8220;.vc_custom_1591786422598{padding-top: 50px !important;padding-bottom: 50px !important;background-color: #ffffff !important;}&#8220;][vc_column offset=&#8220;vc_col-md-12&#8243;][vc_row_inner row_content_width=&#8220;grid&#8220;][vc_column_inner]<div class=\"eltdf-section-title-holder\" style=\"text-align: left\">\n\t\t\t<h2 class=\"eltdf-st-title\" >\n\t\t\t<span>Die Marke<\/span>\n\t\t<\/h2>\n                    <div class=\"eltdf-st-separator clearfix\">\n                <div class=\"eltdf-separator\" ><\/div>\n            <\/div>\n        \t\t\t<\/div>[vc_empty_space][vc_column_text el_class=&#8220;azienda_p&#8220;]<\/p>\n<p style=\"text-align: justify;\"><strong>Masseria Pietrosa<\/strong> ist eine Weinsorte unter gro\u00dfartigen Weinen, die die Geschichte von Salento erz\u00e4hlen: von den Trockenmauern, den einzigartigen Trulli-H\u00e4usern der Region sowie von den Wegen, die sich durch raue T\u00e4ler und sanfte H\u00fcgel schl\u00e4ngeln, wo es oft sonnig ist und wenig Wasser aufzufinden ist.<br \/>\nMasseria Pietrosa unterstreicht den Konstrast zwischen dem Rot des Bodens und dem Wei\u00df des Kalksteins, den man oft entdecken kann. Die Weinsorte beschreibt den Geist und die Seele des Salento, einer Region, die sich unter den starken Sonnenstrahlen in all ihren lebhaften Farben zeigt und den Betrachter atemlos macht.<br \/>\nMasseria Pietrosa erz\u00e4hlt die Geschichte einer Landschaft die, jetzt mehr denn je, ihr volles Potenzial beim Weinanbau aussch\u00f6pft. Eine Landschaft, die will, dass wir ihre Errungenschaften in Form der Kraft und Eleganz der Fr\u00fcchte auskosten.<\/p>\n<p>[\/vc_column_text][\/vc_column_inner][\/vc_row_inner][\/vc_column][\/vc_row][vc_row content_text_aligment=&#8220;center&#8220;][vc_column][vc_empty_space]<div class=\"eltdf-elements-holder eltdf-responsive-mode-768\" ><div class=\"eltdf-eh-item eltdf-horizontal-alignment-center\" data-item-class=\"eltdf-eh-custom-852833\" data-1280-1600=\"6% 34% 26%\" data-1024-1280=\"9% 30% 50%\" data-768-1024=\"10% 22% 63%\" data-600-768=\"10% 21% 83%\" data-480-600=\"10% 9% 200%\" data-480=\"10% 9% 200%\" >\n\t<div class=\"eltdf-eh-item-inner\" style=\"background-image: url(https:\/\/pietrosa.com\/wp-content\/uploads\/2020\/05\/territorio.jpg);background-size: cover\">\n\t\t<div class=\"eltdf-eh-item-content eltdf-eh-custom-852833\" style=\"padding: 4.5% 37% 30%\">\n\t\t\t<div class=\"eltdf-section-title-holder\" >\n\t\t\t<h2 class=\"eltdf-st-title\" >\n\t\t\t<span>Die Landschaft<\/span>\n\t\t<\/h2>\n                    <div class=\"eltdf-st-separator clearfix\">\n                <div class=\"eltdf-separator\" ><\/div>\n            <\/div>\n        \t\t\t<\/div>[vc_column_text]<\/p>\n<p style=\"text-align: justify;\">Uns findet man im S\u00fcden Apuliens, und zwar in Salento, wo sich die Weing\u00fcter zwischen Felsklippen und Kalkfelsen winden. Salento ist eine sehr antike Gegend, und wegen Steinen, die hier das dominante Element zu sein scheinen, schwer zug\u00e4nglich. Wir sind das Herz des DOP Primitivo di Manduria. Wenn man die Landschaft entlang des schmalen Landstreifen erkundet, der sich zwischen den beiden K\u00fcsten Apuliens erstreckt, erkennt man, dass sich die Landschaft langsam ver\u00e4ndert. Von den lehmigen H\u00fcgeln, die den wei\u00dfen Trauben ihre Feinheit schenken, steigt man hinab ins d\u00fcnenhafte Hinterland des sogenannten \u201earco jonico\u201c, wo der Boden rot und reich an Eisenoxiden ist und alte B\u00e4ume mit roten Beeren wachsen und gedeihen.<\/p>\n<p>[\/vc_column_text]\t\t<\/div>\n\t<\/div>\n\t<\/div><\/div>[\/vc_column][\/vc_row]<\/p>\n<\/div>","protected":false},"excerpt":{"rendered":"<p>[vc_row row_content_width=&#8220;grid&#8220; content_text_aligment=&#8220;center&#8220; css=&#8220;.vc_custom_1591786620316{padding-top: 100px !important;padding-bottom: 85px !important;}&#8220;][vc_column css=&#8220;.vc_custom_1489652759587{padding-right: 0px !important;padding-left: 0px !important;}&#8220;][vc_row_inner][vc_column_inner][vc_empty_space height=&#8220;15px&#8220;][vc_column_text] Das Weingut San Marzano wurde 1962 von 19 Arbeitern aus Marzano di San Giuseppe gegr\u00fcndet. Diese stammen alle von mit dem Land verkn\u00fcpften Familien ab, und vereinten sich, um den Wert [&hellip;]<\/p>\n","protected":false},"author":1,"featured_media":0,"parent":0,"menu_order":0,"comment_status":"closed","ping_status":"closed","template":"full-width.php","meta":{"footnotes":""},"class_list":["post-11495","page","type-page","status-publish","hentry"],"_links":{"self":[{"href":"https:\/\/pietrosa.com\/de\/wp-json\/wp\/v2\/pages\/11495","targetHints":{"allow":["GET"]}}],"collection":[{"href":"https:\/\/pietrosa.com\/de\/wp-json\/wp\/v2\/pages"}],"about":[{"href":"https:\/\/pietrosa.com\/de\/wp-json\/wp\/v2\/types\/page"}],"author":[{"embeddable":true,"href":"https:\/\/pietrosa.com\/de\/wp-json\/wp\/v2\/users\/1"}],"replies":[{"embeddable":true,"href":"https:\/\/pietrosa.com\/de\/wp-json\/wp\/v2\/comments?post=11495"}],"version-history":[{"count":2,"href":"https:\/\/pietrosa.com\/de\/wp-json\/wp\/v2\/pages\/11495\/revisions"}],"predecessor-version":[{"id":11606,"href":"https:\/\/pietrosa.com\/de\/wp-json\/wp\/v2\/pages\/11495\/revisions\/11606"}],"wp:attachment":[{"href":"https:\/\/pietrosa.com\/de\/wp-json\/wp\/v2\/media?parent=11495"}],"curies":[{"name":"wp","href":"https:\/\/api.w.org\/{rel}","templated":true}]}}